{"id":14929,"date":"2018-05-24T09:03:08","date_gmt":"2018-05-24T07:03:08","guid":{"rendered":"https:\/\/openmet-xc2.whads.com\/politica-de-cookies\/"},"modified":"2024-03-15T13:27:41","modified_gmt":"2024-03-15T11:27:41","slug":"politica-de-cookies","status":"publish","type":"page","link":"https:\/\/openmet-xc2.whads.com\/ca\/politica-de-cookies\/","title":{"rendered":"Pol\u00edtica de Cookies"},"content":{"rendered":"\n<p>Aquest Lloc web utilitza cookies pr\u00f2pies i de tercers amb la finalitat de millorar els serveis prestats a trav\u00e9s del mateix mitjan\u00e7ant l&#8217;an\u00e0lisi dels h\u00e0bits de navegaci\u00f3, publicitat per a gestionar la publicitat en aquest Lloc web i per a oferir-te publicitat comportamental.<\/p>\n\n\n\n<p>Pot configurar les cookies utilitzades en el nostre lloc web des del seg\u00fcent bot\u00f3:<\/p>\n\n\n\n<p><strong>Qu\u00e8 \u00e9s una cookie?<\/strong><\/p>\n\n\n\n<p>Una cookie \u00e9s un fitxer que es descarrega en l&#8217;ordinador de l&#8217;Usuari quan accedeix a determinats llocs web, com per exemple, aquest. Les cookies permeten a aquests llocs web, entre altres coses, emmagatzemar i recuperar informaci\u00f3 sobre els h\u00e0bits de navegaci\u00f3 de l&#8217;Usuari o els del seu equip i, depenent de la informaci\u00f3 que continguin i de la forma en qu\u00e8 utilitzi el seu equip, poden utilitzar-se per a recon\u00e8ixer a l&#8217;Usuari.<br>Quins tipus de cookies utilitza aquest Lloc web?<br>Cookies d&#8217;an\u00e0lisis: S\u00f3n aquelles que, ben tractades per OPEN MET o per tercers, permeten quantificar el nombre d&#8217;usuaris i aix\u00ed realitzar el mesurament i an\u00e0lisi estad\u00edstica de la utilitzaci\u00f3 que aquests fan del Lloc web. Per a aix\u00f2 s&#8217;analitza la seva navegaci\u00f3 en el Lloc web amb la finalitat de millorar l&#8217;oferta de continguts, productes o serveis que es mostren en aquest.<br>Cookies de publicitat comportamental: S\u00f3n aquelles que permeten la gesti\u00f3, de la forma m\u00e9s efica\u00e7 possible, dels espais publicitaris que, en el seu cas, l&#8217;editor hagi incl\u00f2s en una p\u00e0gina web, aplicaci\u00f3 o plataforma des de la qual presta el servei sol\u00b7licitat. Aquestes cookies emmagatzemen informaci\u00f3 del comportament dels usuaris obtinguda a trav\u00e9s de l&#8217;observaci\u00f3 continuada dels seus h\u00e0bits de navegaci\u00f3, la qual cosa permet desenvolupar un perfil espec\u00edfic per a mostrar publicitat en funci\u00f3 d&#8217;aquest.<\/p>\n\n\n\n<p><strong>En concret, aquest Lloc web utilitza:<\/strong><br>1. Google Analytics, eina d&#8217;anal\u00edtica oferta pel tercer Google Inc., situat als Estats Units d&#8217;Am\u00e8rica. Google Analytics utilitza cookies pr\u00f2pies per a notificar les interaccions dels usuaris en el Lloc web, emmagatzemant informaci\u00f3 d&#8217;identificaci\u00f3 no personal.<br>Com puc bloquejar o eliminar les cookies que utilitza aquest lloc web?<br>L&#8217;Usuari pot permetre, bloquejar o eliminar les cookies instal\u00b7lades en el seu equip mitjan\u00e7ant la configuraci\u00f3 de les opcions del navegador instal\u00b7lat en el seu ordinador. Si l&#8217;Usuari no desitja que les seves dades es recopilin amb Google Analytics, pot instal\u00b7lar un complement d&#8217;inhabilitaci\u00f3 per a navegadors. M\u00e9s informaci\u00f3 <a href=\"https:\/\/support.google.com\/analytics\/answer\/181881?hl=es&amp;ref_topic=2919631.\" target=\"_blank\" rel=\"noopener\">https:\/\/support.google.com\/analytics\/answer\/181881?hl=es&amp;ref_topic=2919631.<\/a><br>El fet de bloquejar la instal\u00b7laci\u00f3 de les cookies d&#8217;an\u00e0lisis descrites en aquesta pol\u00edtica no impedeix l&#8217;efectiva utilitzaci\u00f3 del Lloc web per part de l&#8217;Usuari.<\/p>\n\n\n\n<div class=\"wp-block-getwid-advanced-spacer\" style=\"height:40px\" aria-hidden=\"true\"><\/div>\n","protected":false},"excerpt":{"rendered":"<p>Aquest Lloc web utilitza cookies pr\u00f2pies i de tercers amb la finalitat de millorar els serveis prestats a trav\u00e9s del mateix mitjan\u00e7ant l&#8217;an\u00e0lisi dels h\u00e0bits de navegaci\u00f3, publicitat per a gestionar la publicitat en aquest Lloc web i per a oferir-te publicitat comportamental.<\/p>\n<p>Pot configurar les cookies utilitzades en el nostre lloc web des del seg\u00fcent bot\u00f3:<\/p>\n<p><strong>Qu\u00e8 \u00e9s una cookie?<\/strong><\/p>\n<p>Una cookie \u00e9s un fitxer que es descarrega en l&#8217;ordinador de l&#8217;Usuari quan accedeix a determinats llocs web, com per exemple, aquest. Les cookies permeten a aquests llocs web, entre altres coses, emmagatzemar i recuperar informaci\u00f3 sobre els h\u00e0bits de navegaci\u00f3 de l&#8217;Usuari o els del seu equip i, depenent de la informaci\u00f3 que continguin i de la forma en qu\u00e8 utilitzi el seu equip, poden utilitzar-se per a recon\u00e8ixer a l&#8217;Usuari.<br \/>Quins tipus de cookies utilitza aquest Lloc web?<br \/>Cookies d&#8217;an\u00e0lisis: S\u00f3n aquelles que, ben tractades per OPEN MET o per tercers, permeten quantificar el nombre d&#8217;usuaris i aix\u00ed realitzar el mesurament i an\u00e0lisi estad\u00edstica de la utilitzaci\u00f3 que aquests fan del Lloc web. Per a aix\u00f2 s&#8217;analitza la seva navegaci\u00f3 en el Lloc web amb la finalitat de millorar l&#8217;oferta de continguts, productes o serveis que es mostren en aquest.<br \/>Cookies de publicitat comportamental: S\u00f3n aquelles que permeten la gesti\u00f3, de la forma m\u00e9s efica\u00e7 possible, dels espais publicitaris que, en el seu cas, l&#8217;editor hagi incl\u00f2s en una p\u00e0gina web, aplicaci\u00f3 o plataforma des de la qual presta el servei sol\u00b7licitat. Aquestes cookies emmagatzemen informaci\u00f3 del comportament dels usuaris obtinguda a trav\u00e9s de l&#8217;observaci\u00f3 continuada dels seus h\u00e0bits de navegaci\u00f3, la qual cosa permet desenvolupar un perfil espec\u00edfic per a mostrar publicitat en funci\u00f3 d&#8217;aquest.<\/p>\n<p><strong>En concret, aquest Lloc web utilitza:<\/strong><br \/>1. Google Analytics, eina d&#8217;anal\u00edtica oferta pel tercer Google Inc., situat als Estats Units d&#8217;Am\u00e8rica. Google Analytics utilitza cookies pr\u00f2pies per a notificar les interaccions dels usuaris en el Lloc web, emmagatzemant informaci\u00f3 d&#8217;identificaci\u00f3 no personal.<br \/>Com puc bloquejar o eliminar les cookies que utilitza aquest lloc web?<br \/>L&#8217;Usuari pot permetre, bloquejar o eliminar les cookies instal\u00b7lades en el seu equip mitjan\u00e7ant la configuraci\u00f3 de les opcions del navegador instal\u00b7lat en el seu ordinador. Si l&#8217;Usuari no desitja que les seves dades es recopilin amb Google Analytics, pot instal\u00b7lar un complement d&#8217;inhabilitaci\u00f3 per a navegadors. M\u00e9s informaci\u00f3 <a href=\"https:\/\/support.google.com\/analytics\/answer\/181881?hl=es&amp;ref_topic=2919631.\" target=\"_blank\" rel=\"noopener\">https:\/\/support.google.com\/analytics\/answer\/181881?hl=es&amp;ref_topic=2919631.<\/a><br \/>El fet de bloquejar la instal\u00b7laci\u00f3 de les cookies d&#8217;an\u00e0lisis descrites en aquesta pol\u00edtica no impedeix l&#8217;efectiva utilitzaci\u00f3 del Lloc web per part de l&#8217;Usuari.<\/p>\n<p>&#8230;<\/p>\n<p><a class=\"openmet-read-more-link\" href=\"https:\/\/openmet-xc2.whads.com\/ca\/politica-de-cookies\/\">Llegir m\u00e9s<\/a><\/p>\n","protected":false},"author":5,"featured_media":0,"parent":0,"menu_order":112,"comment_status":"closed","ping_status":"closed","template":"page-with-title.php","meta":{"inline_featured_image":false,"ub_ctt_via":"","footnotes":""},"class_list":["post-14929","page","type-page","status-publish","hentry"],"featured_image_src":null,"_links":{"self":[{"href":"https:\/\/openmet-xc2.whads.com\/ca\/wp-json\/wp\/v2\/pages\/14929","targetHints":{"allow":["GET"]}}],"collection":[{"href":"https:\/\/openmet-xc2.whads.com\/ca\/wp-json\/wp\/v2\/pages"}],"about":[{"href":"https:\/\/openmet-xc2.whads.com\/ca\/wp-json\/wp\/v2\/types\/page"}],"author":[{"embeddable":true,"href":"https:\/\/openmet-xc2.whads.com\/ca\/wp-json\/wp\/v2\/users\/5"}],"replies":[{"embeddable":true,"href":"https:\/\/openmet-xc2.whads.com\/ca\/wp-json\/wp\/v2\/comments?post=14929"}],"version-history":[{"count":9,"href":"https:\/\/openmet-xc2.whads.com\/ca\/wp-json\/wp\/v2\/pages\/14929\/revisions"}],"predecessor-version":[{"id":18038,"href":"https:\/\/openmet-xc2.whads.com\/ca\/wp-json\/wp\/v2\/pages\/14929\/revisions\/18038"}],"wp:attachment":[{"href":"https:\/\/openmet-xc2.whads.com\/ca\/wp-json\/wp\/v2\/media?parent=14929"}],"curies":[{"name":"wp","href":"https:\/\/api.w.org\/{rel}","templated":true}]}}