{"id":14911,"date":"2017-03-21T12:30:19","date_gmt":"2017-03-21T10:30:19","guid":{"rendered":"https:\/\/openmet-xc2.whads.com\/openmet-feedback-manager\/servicios-especializados\/"},"modified":"2024-11-18T13:49:51","modified_gmt":"2024-11-18T11:49:51","slug":"serveis-especialitzats","status":"publish","type":"page","link":"https:\/\/openmet-xc2.whads.com\/ca\/openmet-feedback-manager\/serveis-especialitzats\/","title":{"rendered":"Serveis especialitzats"},"content":{"rendered":"\n<div class=\"wp-block-getwid-section has-inner-blocks-gap-none getwid-margin-top-none getwid-section-content-full-width\" style=\"margin-bottom:80px\"><div class=\"wp-block-getwid-section__wrapper getwid-padding-top-none getwid-padding-bottom-none getwid-padding-left-none getwid-padding-right-none getwid-margin-left-none getwid-margin-right-none getwid-justify-content-flex-start\"><div class=\"wp-block-getwid-section__inner-wrapper\"><div class=\"wp-block-getwid-section__background-holder\"><div class=\"wp-block-getwid-section__background\"><\/div><div class=\"wp-block-getwid-section__foreground\"><\/div><\/div><div class=\"wp-block-getwid-section__content\"><div class=\"wp-block-getwid-section__inner-content\">\n<div class=\"wp-block-media-text alignwide has-media-on-the-right is-stacked-on-mobile is-vertically-aligned-top\" style=\"grid-template-columns:auto 40%\"><div class=\"wp-block-media-text__content\">\n<div style=\"height:20px\" aria-hidden=\"true\" class=\"wp-block-spacer\"><\/div>\n\n\n\n<div class=\"wp-block-group\"><div class=\"wp-block-group__inner-container is-layout-flow wp-block-group-is-layout-flow\">\n<p class=\"feedback-badge\">Openmet Feedback Manager<\/p>\n<\/div><\/div>\n\n\n\n<h1 class=\"wp-block-heading font-weight-bolder pr-5 pt-3 has-huge-font-size\">Serveis especialitzats<\/h1>\n\n\n\n<p class=\"pr-5 pt-3 font-weight-light\">Els enginyers i especialistes d&#8217;Openmet estaran al teu costat per el que necessitis amb les nostres serveis especialitzats.<\/p>\n\n\n\n<div class=\"wp-block-buttons has-custom-font-size animated pulse is-content-justification-left is-layout-flex wp-container-core-buttons-is-layout-fdcfc74e wp-block-buttons-is-layout-flex\" style=\"font-size:8px\">\n<div class=\"wp-block-button has-custom-font-size chevron-right\" style=\"font-size:16px\"><a class=\"wp-block-button__link has-white-color has-text-color has-background wp-element-button\" href=\"\/ca\/contacta\/\" style=\"background-color:#0d99cc\" target=\"_blank\" rel=\"noreferrer noopener\">Contacta amb els nostres experts<\/a><\/div>\n<\/div>\n<\/div><figure class=\"wp-block-media-text__media\"><img decoding=\"async\" src=\"https:\/\/openmet-xc2.whads.com\/wp-content\/uploads\/2021\/09\/openmet-feedback-manager-1.svg\" alt=\"serveis especialitzats\" class=\"wp-image-13831 size-full\"\/><\/figure><\/div>\n<\/div><\/div><\/div><\/div><\/div>\n\n\n\n<div class=\"wp-block-getwid-advanced-spacer\" style=\"height:40px\" aria-hidden=\"true\"><\/div>\n\n\n\n<h2 class=\"wp-block-heading\">Serveis especialitzats, consultoria i integraci\u00f3.<\/h2>\n\n\n\n<div class=\"wp-block-getwid-advanced-spacer\" style=\"height:40px\" aria-hidden=\"true\"><\/div>\n\n\n\n<div class=\"wp-block-columns is-layout-flex wp-container-core-columns-is-layout-9d6595d7 wp-block-columns-is-layout-flex\">\n<div class=\"wp-block-column is-layout-flow wp-block-column-is-layout-flow\">\n<ul style=\"background-color:#f5f8fc\" class=\"wp-block-list checked feedback has-background\">\n<li>Integraci\u00f3 i connexi\u00f3 de Openmet Feedback manager amb uns altres softwares (CRM, RH, check-in, webs, etc.)<\/li>\n\n\n\n<li>Externalitzaci\u00f3 administraci\u00f3 (Openmet administra el programari)<\/li>\n\n\n\n<li>Enquestes per SMS o WhatsApp<\/li>\n\n\n\n<li>Enquestes en tablets desassistides (quioscs)<\/li>\n\n\n\n<li>Formaci\u00f3 per a administradors<\/li>\n\n\n\n<li>Formaci\u00f3 sobre anal\u00edtica de dades<\/li>\n\n\n\n<li>Suport per a crear i dissenyar enquestes<\/li>\n\n\n\n<li>Servei d&#8217;assessoria estad\u00edstica i tractament de dades<\/li>\n\n\n\n<li>Importaci\u00f3 de dades i ETL (Extract, Transform &amp; Load)<\/li>\n\n\n\n<li>Digitalitzaci\u00f3 d&#8217;enquestes i formularis en paper mitjan\u00e7ant scanner<\/li>\n\n\n\n<li>Disseny de processos d&#8217;adquisici\u00f3 i an\u00e0lisi de dades cont\u00ednues (enquestes 24x7x365)<\/li>\n\n\n\n<li>Creaci\u00f3 d&#8217;informes i dashboards especials per als clients<\/li>\n\n\n\n<li>Consultoria avan\u00e7ada en RRHH, recerca de mercats i avaluaci\u00f3 de clients<\/li>\n<\/ul>\n<\/div>\n\n\n\n<div class=\"wp-block-column is-layout-flow wp-block-column-is-layout-flow\"><\/div>\n<\/div>\n\n\n\n<div class=\"wp-block-getwid-advanced-spacer\" style=\"height:39px\" aria-hidden=\"true\"><\/div>\n\n\n\n<hr class=\"wp-block-separator has-text-color has-css-opacity has-background is-style-default alignwide\" style=\"background-color:#999999;color:#999999\"\/>\n\n\n\n<div class=\"wp-block-getwid-advanced-spacer\" style=\"height:39px\" aria-hidden=\"true\"><\/div>\n\n\n\n<div class=\"wp-block-group mb-2 animated fadeInUp\"><div class=\"wp-block-group__inner-container is-layout-flow wp-block-group-is-layout-flow\">\n<h2 class=\"wp-block-heading display-3\">Blog<\/h2>\n\n\n\n<p class=\"has-text-align-left alignleft has-text-color\" style=\"color:#999999\">Si vols con\u00e8ixer m\u00e9s, a Openmet Group redactem articles propis per ajudar-te a fer cr\u00e9ixer el teu negoci <\/p>\n\n\n\n<div class=\"wp-block-buttons is-layout-flex wp-block-buttons-is-layout-flex\">\n<div class=\"wp-block-button has-custom-font-size chevron-right has-small-font-size\"><a class=\"wp-block-button__link has-white-color has-text-color has-background wp-element-button\" href=\"\/ca\/blog\" style=\"background-color:#0d99cc\">veure-ho tot<\/a><\/div>\n<\/div>\n<\/div><\/div>\n\n\n\n<div class=\"wp-block-getwid-advanced-spacer\" style=\"height:10px\" aria-hidden=\"true\"><\/div>\n\n\n        <div class=\"wp-block-getwid-custom-post-type custom-post-type-post has-layout-grid has-spacing-normal\">\n            <div class=\"wp-block-getwid-custom-post-type__wrapper getwid-columns getwid-columns-3\">\n                \t\t\t\t\t\t\t\t<div class='wp-block-getwid-custom-post-type__post'>\n\t\t\t\t\t\t\t\t\t\n<div class=\"wp-block-group blog-post-grid\"><div class=\"wp-block-group__inner-container is-layout-flow wp-block-group-is-layout-flow\">\n<div class=\"wp-block-getwid-template-post-featured-image aligncenter\" >\n            <a href=\"https:\/\/openmet-xc2.whads.com\/ca\/7-claus-gestio-feedback\/\">\n        <img decoding=\"async\" width=\"640\" height=\"364\" src=\"https:\/\/openmet-xc2.whads.com\/wp-content\/uploads\/2022\/10\/gestio-feedback.png\" class=\"attachment-medium_large size-medium_large wp-post-image\" alt=\"7 claus per a la gesti\u00f3 del feedback\" srcset=\"https:\/\/openmet-xc2.whads.com\/wp-content\/uploads\/2022\/10\/gestio-feedback.png 768w, https:\/\/openmet-xc2.whads.com\/wp-content\/uploads\/2022\/10\/gestio-feedback-300x171.png 300w\" sizes=\"(max-width: 640px) 100vw, 640px\" \/>            <\/a>\n    <\/div>\n\n\n\n<h3 class=\"wp-block-getwid-template-post-title h4\"><a class=\"wp-block-getwid-template-post-title__link\" href=\"https:\/\/openmet-xc2.whads.com\/ca\/7-claus-gestio-feedback\/\">7 claus per a la gesti\u00f3 del feedback<\/a><\/h3>\n\n\n<div class=\"wp-block-getwid-template-post-meta has-direction-row\" >\n    \n\n<div class=\"wp-block-getwid-template-post-categories has-text-color\"  style=\"color:#999999;\" >\n        <a href=\"https:\/\/openmet-xc2.whads.com\/ca\/category\/avaluacio-per-competencies\/\" rel=\"category tag\">Avaluaci\u00f3 per compet\u00e8ncies<\/a> <a href=\"https:\/\/openmet-xc2.whads.com\/ca\/category\/openmet-feedback-manager\/\" rel=\"category tag\">Openmet Feedback Manager<\/a><\/div>\n<\/div>\n\n\n\n<div class=\"wp-block-getwid-template-post-content is-excerpt\" ><p>Quan donar feedback? I Com fer-ho? En aquest article et mostrem algunes claus per qu\u00e8 la gesti\u00f3 del feedback es converteixi en un avantatge competitiu per a la teva organitzaci\u00f3&hellip;<\/p><\/div>\n\n\n\n<p><\/p>\n<\/div><\/div>\n\t\t\t\t\t\t\t\t<\/div>\n\t\t\t\t\t\t\t\t\t\t\t\t\t\t\t<div class='wp-block-getwid-custom-post-type__post'>\n\t\t\t\t\t\t\t\t\t\n<div class=\"wp-block-group blog-post-grid\"><div class=\"wp-block-group__inner-container is-layout-flow wp-block-group-is-layout-flow\">\n<div class=\"wp-block-getwid-template-post-featured-image aligncenter\" >\n            <a href=\"https:\/\/openmet-xc2.whads.com\/ca\/com-decidir-la-frequencia-de-les-enquestes\/\">\n        <img decoding=\"async\" width=\"640\" height=\"400\" src=\"https:\/\/openmet-xc2.whads.com\/wp-content\/uploads\/2019\/05\/enquestes-online-768x480.jpg\" class=\"attachment-medium_large size-medium_large wp-post-image\" alt=\"Com decidir la freq\u00fc\u00e8ncia de les enquestes\" srcset=\"https:\/\/openmet-xc2.whads.com\/wp-content\/uploads\/2019\/05\/enquestes-online-768x480.jpg 768w, https:\/\/openmet-xc2.whads.com\/wp-content\/uploads\/2019\/05\/enquestes-online-300x188.jpg 300w, https:\/\/openmet-xc2.whads.com\/wp-content\/uploads\/2019\/05\/enquestes-online-100x63.jpg 100w, https:\/\/openmet-xc2.whads.com\/wp-content\/uploads\/2019\/05\/enquestes-online.jpg 800w\" sizes=\"(max-width: 640px) 100vw, 640px\" \/>            <\/a>\n    <\/div>\n\n\n\n<h3 class=\"wp-block-getwid-template-post-title h4\"><a class=\"wp-block-getwid-template-post-title__link\" href=\"https:\/\/openmet-xc2.whads.com\/ca\/com-decidir-la-frequencia-de-les-enquestes\/\">Com decidir la freq\u00fc\u00e8ncia de les enquestes<\/a><\/h3>\n\n\n<div class=\"wp-block-getwid-template-post-meta has-direction-row\" >\n    \n\n<div class=\"wp-block-getwid-template-post-categories has-text-color\"  style=\"color:#999999;\" >\n        <a href=\"https:\/\/openmet-xc2.whads.com\/ca\/category\/openmet-customersca\/\" rel=\"category tag\">Openmet Customers<\/a> <a href=\"https:\/\/openmet-xc2.whads.com\/ca\/category\/openmet-feedback-manager\/\" rel=\"category tag\">Openmet Feedback Manager<\/a> <a href=\"https:\/\/openmet-xc2.whads.com\/ca\/category\/openmet-peoplecat\/\" rel=\"category tag\">Openmet People<\/a> <a href=\"https:\/\/openmet-xc2.whads.com\/ca\/category\/satisfaccio-de-clients\/\" rel=\"category tag\">Satisfacci\u00f3 de Clients<\/a><\/div>\n<\/div>\n\n\n\n<div class=\"wp-block-getwid-template-post-content is-excerpt\" ><p>Durant els \u00faltims anys, a Openmet estem assistint a un augment de la periodicitat amb qu\u00e8 realitzem els projectes i estudis d\u2019avaluaci\u00f3 de clients o treballadors. Cada cop es fan&hellip;<\/p><\/div>\n\n\n\n<p><\/p>\n<\/div><\/div>\n\t\t\t\t\t\t\t\t<\/div>\n\t\t\t\t\t\t\t\t\t\t\t\t\t\t\t<div class='wp-block-getwid-custom-post-type__post'>\n\t\t\t\t\t\t\t\t\t\n<div class=\"wp-block-group blog-post-grid\"><div class=\"wp-block-group__inner-container is-layout-flow wp-block-group-is-layout-flow\">\n<div class=\"wp-block-getwid-template-post-featured-image aligncenter\" >\n            <a href=\"https:\/\/openmet-xc2.whads.com\/ca\/enquestes-amb-rotacio-de-preguntes\/\">\n        <img decoding=\"async\" width=\"640\" height=\"371\" src=\"https:\/\/openmet-xc2.whads.com\/wp-content\/uploads\/2017\/05\/enquestes-rotacio-preguntes-1.jpeg\" class=\"attachment-medium_large size-medium_large wp-post-image\" alt=\"Enquestes amb rotaci\u00f3 de preguntes\" srcset=\"https:\/\/openmet-xc2.whads.com\/wp-content\/uploads\/2017\/05\/enquestes-rotacio-preguntes-1.jpeg 649w, https:\/\/openmet-xc2.whads.com\/wp-content\/uploads\/2017\/05\/enquestes-rotacio-preguntes-1-300x174.jpeg 300w, https:\/\/openmet-xc2.whads.com\/wp-content\/uploads\/2017\/05\/enquestes-rotacio-preguntes-1-100x58.jpeg 100w\" sizes=\"(max-width: 640px) 100vw, 640px\" \/>            <\/a>\n    <\/div>\n\n\n\n<h3 class=\"wp-block-getwid-template-post-title h4\"><a class=\"wp-block-getwid-template-post-title__link\" href=\"https:\/\/openmet-xc2.whads.com\/ca\/enquestes-amb-rotacio-de-preguntes\/\">Enquestes amb rotaci\u00f3 de preguntes<\/a><\/h3>\n\n\n<div class=\"wp-block-getwid-template-post-meta has-direction-row\" >\n    \n\n<div class=\"wp-block-getwid-template-post-categories has-text-color\"  style=\"color:#999999;\" >\n        <a href=\"https:\/\/openmet-xc2.whads.com\/ca\/category\/openmet-customersca\/\" rel=\"category tag\">Openmet Customers<\/a> <a href=\"https:\/\/openmet-xc2.whads.com\/ca\/category\/openmet-feedback-manager\/\" rel=\"category tag\">Openmet Feedback Manager<\/a> <a href=\"https:\/\/openmet-xc2.whads.com\/ca\/category\/satisfaccio-de-clients\/\" rel=\"category tag\">Satisfacci\u00f3 de Clients<\/a><\/div>\n<\/div>\n\n\n\n<div class=\"wp-block-getwid-template-post-content is-excerpt\" ><p>Un dels reptes m\u00e9s importants amb qu\u00e8 ens enfrontem a Openmet a l\u2019hora de fer enquestes a clients \u00e9s la necessitat que les enquestes siguin curtes. En general, el temps&hellip;<\/p><\/div>\n\n\n\n<p><\/p>\n<\/div><\/div>\n\t\t\t\t\t\t\t\t<\/div>\n\t\t\t\t\t\t\t            <\/div>\n\n                    <\/div>\n        \n\n\n<div class=\"wp-block-getwid-section alignfull alignfull getwid-margin-bottom-none getwid-section-content-full-width\" style=\"margin-top:80px\"><div class=\"wp-block-getwid-section__wrapper getwid-padding-top-none getwid-padding-bottom-none getwid-padding-left-none getwid-padding-right-none getwid-margin-left-none getwid-margin-right-none\"><div class=\"wp-block-getwid-section__inner-wrapper\"><div class=\"wp-block-getwid-section__background-holder\"><div class=\"wp-block-getwid-section__background has-background\" style=\"background-color:#f5f8fc\"><\/div><div class=\"wp-block-getwid-section__foreground\"><\/div><\/div><div class=\"wp-block-getwid-section__content\"><div class=\"wp-block-getwid-section__inner-content\">\n<div class=\"wp-block-getwid-section openmet-cta animated fadeInUp getwid-margin-top-none getwid-margin-bottom-none\"><div class=\"wp-block-getwid-section__wrapper getwid-padding-mobile-left-small getwid-padding-mobile-right-small getwid-margin-left-none getwid-margin-right-none\" style=\"padding-top:40px;padding-bottom:80px;padding-left:15%;padding-right:15%\"><div class=\"wp-block-getwid-section__inner-wrapper\"><div class=\"wp-block-getwid-section__background-holder\"><div class=\"wp-block-getwid-section__background\"><\/div><div class=\"wp-block-getwid-section__foreground\"><\/div><\/div><div class=\"wp-block-getwid-section__content\"><div class=\"wp-block-getwid-section__inner-content\">\n<div class=\"wp-block-image\"><figure class=\"aligncenter size-full is-resized\"><img decoding=\"async\" src=\"https:\/\/openmet-xc2.whads.com\/wp-content\/uploads\/2021\/09\/smile.png\" alt=\"\" class=\"wp-image-13585\" width=\"48\" height=\"48\"><\/figure><\/div>\n\n\n\n<p class=\"has-text-align-center h3\" style=\"font-size:30px\">Com podem ajudar-te?<\/p>\n\n\n\n<div class=\"wp-block-getwid-advanced-spacer\" style=\"height:20px\" aria-hidden=\"true\"><\/div>\n\n\n\n<p class=\"has-text-align-center\">Amb <strong>Openmet Feedback Manager<\/strong> tindr\u00e0s un software d&#8217;enquestes i anal\u00edtica de resultats professional.<\/p>\n\n\n\n<div class=\"wp-block-getwid-advanced-spacer\" style=\"height:20px\" aria-hidden=\"true\"><\/div>\n\n\n\n<div class=\"wp-block-columns is-layout-flex wp-container-core-columns-is-layout-9d6595d7 wp-block-columns-is-layout-flex\">\n<div class=\"wp-block-column is-vertically-aligned-center is-layout-flow wp-block-column-is-layout-flow\">\n<p class=\"has-text-align-right has-text-color has-medium-font-size\" style=\"color:#0d99cc\"><strong>Per qu\u00e8 no comencem?<\/strong><\/p>\n<\/div>\n\n\n\n<div class=\"wp-block-column is-vertically-aligned-center alignleft is-layout-flow wp-block-column-is-layout-flow\">\n<div class=\"wp-block-buttons is-layout-flex wp-block-buttons-is-layout-flex\">\n<div class=\"wp-block-button has-custom-font-size chevron-right is-style-fill has-small-font-size\"><a class=\"wp-block-button__link has-white-color has-text-color has-background\" href=\"\/ca\/contacta\/\" style=\"background-color:#0d99cc\"><strong>contacta amb Openmet Group<\/strong><\/a><\/div>\n<\/div>\n<\/div>\n<\/div>\n<\/div><\/div><\/div><\/div><\/div>\n<\/div><\/div><\/div><\/div><\/div>\n","protected":false},"excerpt":{"rendered":"<p>Consultoria i integraci\u00f3. Els especialistes d&#8217;Openmet al teu costat per al que necessitis.<br \/>\n&#8230;<\/p>\n<p><a class=\"openmet-read-more-link\" href=\"https:\/\/openmet-xc2.whads.com\/ca\/openmet-feedback-manager\/serveis-especialitzats\/\">Llegir m\u00e9s<\/a><\/p>\n","protected":false},"author":5,"featured_media":13819,"parent":14840,"menu_order":101,"comment_status":"closed","ping_status":"closed","template":"","meta":{"inline_featured_image":false,"ub_ctt_via":"","footnotes":""},"class_list":["post-14911","page","type-page","status-publish","has-post-thumbnail","hentry"],"featured_image_src":"https:\/\/openmet-xc2.whads.com\/wp-content\/uploads\/2021\/09\/servicios-especializados.svg","_links":{"self":[{"href":"https:\/\/openmet-xc2.whads.com\/ca\/wp-json\/wp\/v2\/pages\/14911","targetHints":{"allow":["GET"]}}],"collection":[{"href":"https:\/\/openmet-xc2.whads.com\/ca\/wp-json\/wp\/v2\/pages"}],"about":[{"href":"https:\/\/openmet-xc2.whads.com\/ca\/wp-json\/wp\/v2\/types\/page"}],"author":[{"embeddable":true,"href":"https:\/\/openmet-xc2.whads.com\/ca\/wp-json\/wp\/v2\/users\/5"}],"replies":[{"embeddable":true,"href":"https:\/\/openmet-xc2.whads.com\/ca\/wp-json\/wp\/v2\/comments?post=14911"}],"version-history":[{"count":9,"href":"https:\/\/openmet-xc2.whads.com\/ca\/wp-json\/wp\/v2\/pages\/14911\/revisions"}],"predecessor-version":[{"id":18954,"href":"https:\/\/openmet-xc2.whads.com\/ca\/wp-json\/wp\/v2\/pages\/14911\/revisions\/18954"}],"up":[{"embeddable":true,"href":"https:\/\/openmet-xc2.whads.com\/ca\/wp-json\/wp\/v2\/pages\/14840"}],"wp:featuredmedia":[{"embeddable":true,"href":"https:\/\/openmet-xc2.whads.com\/ca\/wp-json\/wp\/v2\/media\/13819"}],"wp:attachment":[{"href":"https:\/\/openmet-xc2.whads.com\/ca\/wp-json\/wp\/v2\/media?parent=14911"}],"curies":[{"name":"wp","href":"https:\/\/api.w.org\/{rel}","templated":true}]}}