{"id":14865,"date":"2014-04-28T11:32:45","date_gmt":"2014-04-28T09:32:45","guid":{"rendered":"https:\/\/openmet-xc2.whads.com\/openmet-customers\/calidad-del-servicio\/"},"modified":"2021-11-12T12:48:02","modified_gmt":"2021-11-12T10:48:02","slug":"qualitat-del-servei","status":"publish","type":"page","link":"https:\/\/openmet-xc2.whads.com\/ca\/openmet-customers\/qualitat-del-servei\/","title":{"rendered":"Avaluaci\u00f3 de la qualitat del servei"},"content":{"rendered":"\n<div class=\"wp-block-group\"><div class=\"wp-block-group__inner-container is-layout-flow wp-block-group-is-layout-flow\">\n<p class=\"customers-badge\">Openmet Customers<\/p>\n<\/div><\/div>\n\n\n\n<div class=\"wp-block-getwid-section has-inner-blocks-gap-none getwid-margin-top-none getwid-section-content-full-width\" style=\"margin-bottom:80px\"><div class=\"wp-block-getwid-section__wrapper getwid-padding-top-none getwid-padding-bottom-none getwid-padding-left-none getwid-padding-right-none getwid-margin-left-none getwid-margin-right-none getwid-justify-content-flex-start\"><div class=\"wp-block-getwid-section__inner-wrapper\"><div class=\"wp-block-getwid-section__background-holder\"><div class=\"wp-block-getwid-section__background\"><\/div><div class=\"wp-block-getwid-section__foreground\"><\/div><\/div><div class=\"wp-block-getwid-section__content\"><div class=\"wp-block-getwid-section__inner-content\">\n<div class=\"wp-block-media-text alignwide has-media-on-the-right is-stacked-on-mobile is-vertically-aligned-center\" style=\"grid-template-columns:auto 45%\"><figure class=\"wp-block-media-text__media\"><img decoding=\"async\" src=\"https:\/\/openmet-xc2.whads.com\/wp-content\/uploads\/2021\/09\/openmet-customers.svg\" alt=\"openmet customers\" class=\"wp-image-13735 size-full\"\/><\/figure><div class=\"wp-block-media-text__content\">\n<h1 class=\"font-weight-bolder pr-5 has-huge-font-size wp-block-heading\">Avaluaci\u00f3 de la qualitat del servei<\/h1>\n\n\n\n<p class=\"pr-5 pt-3 font-weight-light\">L&#8217;<strong>avaluaci\u00f3 de la Qualitat del Servei<\/strong> permet con\u00e8ixer l&#8217;opini\u00f3 dels clients sobre els diferents atributs del servei que contribueixen a la seva satisfacci\u00f3 (p. ex.: l&#8217;atenci\u00f3 al client, la imatge corporativa, etc.)<\/p>\n<\/div><\/div>\n<\/div><\/div><\/div><\/div><\/div>\n\n\n\n<h2 class=\"wp-block-heading\">Per a qu\u00e8 serveix l&#8217;avaluaci\u00f3 de la qualitat del servei?<\/h2>\n\n\n\n<p>Aquest tipus de projectes permeten <strong>obtenir feedback directe dels clients<\/strong> i comptar amb m\u00e8triques objectives sobre els aspectes que haur\u00edem de millorar en el nostre servei per a aconseguir augmentar la seva satisfacci\u00f3 i la seva fidelitzaci\u00f3. Tamb\u00e9 serveixen per a identificar punts de millora i \u00e0rees cr\u00edtiques que ens ajuden a millorar l&#8217;empresa.<\/p>\n\n\n\n<div class=\"wp-block-getwid-advanced-spacer\" style=\"height:40px\" aria-hidden=\"true\"><\/div>\n\n\n\n<div class=\"wp-block-columns is-layout-flex wp-container-core-columns-is-layout-9d6595d7 wp-block-columns-is-layout-flex\">\n<div class=\"wp-block-column is-layout-flow wp-block-column-is-layout-flow\">\n<h3 class=\"wp-block-heading\">Objectius i resultats desitjats del projecte de qualitat del servei<\/h3>\n\n\n\n<ul class=\"checked customers has-background wp-block-list\" style=\"background-color:#f5f8fc\"><li>Con\u00e8ixer la qualitat del servei des de la perspectiva del client<\/li><li>Identificar punts forts i de millora<\/li><li>Obrir un canal de comunicaci\u00f3 directa entre el client i l&#8217;empresa<\/li><li>Millorar els processos interns de qualitat<\/li><li>Facilitar l&#8217;avaluaci\u00f3 dels processos de venda i postvenda<\/li><li>Tenir un valor diferencial respecte als competidors<\/li><li>Comptar amb dades objectives per a la presa de decisions<\/li><\/ul>\n<\/div>\n\n\n\n<div class=\"wp-block-column is-layout-flow wp-block-column-is-layout-flow\">\n<h3 class=\"wp-block-heading\">Com treballem l&#8217;avaluaci\u00f3 de la qualitat del servei<\/h3>\n\n\n\n<ul class=\"checked customers has-background wp-block-list\" style=\"background-color:#f5f8fc\"><li>Ens adaptem al model d&#8217;enquesta aportat pel client i l&#8217;assessorem per a millorar el q\u00fcestionari, sobre la base de la nostra experi\u00e8ncia en l&#8217;\u00fas de diverses metodologies (p. ex.: Servqual).<\/li><li>Recolzem en la comunicaci\u00f3 als receptors de l&#8217;enquesta<\/li><li>Gestionem el proc\u00e9s de distribuci\u00f3 i captura de dades mitjan\u00e7ant enquestes electr\u00f2niques, enquestadors a peu de carrer, telef\u00f2niques, codis QR i\/o papels<\/li><li>A vegades podem aprofundir-la opini\u00f3 dels clients mitjan\u00e7ant entrevistes individuals en profunditat i focus groups<\/li><li>Disposem de la plataforma <strong><a href=\"\/ca\/openmet-feedback-manager\/\">Openmet Feedback Manager<\/a><\/strong> que permet la visualitzaci\u00f3 de les dades en un entorn Business Intelligence i l&#8217;automatitzaci\u00f3 d&#8217;informes<\/li><li>Podem analitzar i presentar els resultats de l&#8217;estudi identificant les fortaleses i \u00e0rees de millora, o realitzant <a href=\"https:\/\/openmet-xc2.whads.com\/ca\/blog\/analisi-gaps-per-satisfaccio-clients\/\">an\u00e0lisi de Gaps<\/a>.<\/li><li>T&#8217;acompanyem i ajudem durant tot proc\u00e9s<\/li><\/ul>\n<\/div>\n<\/div>\n\n\n\n<hr class=\"wp-block-separator has-text-color has-background is-style-default alignwide\" style=\"background-color:#999999;color:#999999\"\/>\n\n\n\n<div class=\"wp-block-getwid-advanced-spacer\" style=\"height:40px\" aria-hidden=\"true\"><\/div>\n\n\n\n<div class=\"wp-block-group mb-2 animated fadeInUp\"><div class=\"wp-block-group__inner-container is-layout-flow wp-block-group-is-layout-flow\">\n<h2 class=\"wp-block-heading display-3\">Blog<\/h2>\n\n\n\n<p class=\"has-text-align-left alignleft has-text-color\" style=\"color:#999999\">Si vols con\u00e8ixer m\u00e9s, a Openmet Group redactem articles propis per ajudar-te a fer cr\u00e9ixer el teu negoci <\/p>\n\n\n\n<div class=\"wp-block-buttons is-layout-flex wp-block-buttons-is-layout-flex\">\n<div class=\"wp-block-button has-custom-font-size chevron-right has-small-font-size\"><a class=\"wp-block-button__link has-white-color has-text-color has-background wp-element-button\" href=\"\/ca\/blog\" style=\"background-color:#0d99cc\">veure-ho tot<\/a><\/div>\n<\/div>\n<\/div><\/div>\n\n\n\n<div class=\"wp-block-getwid-advanced-spacer\" style=\"height:10px\" aria-hidden=\"true\"><\/div>\n\n\n        <div class=\"wp-block-getwid-custom-post-type custom-post-type-post has-layout-grid has-spacing-normal\">\n            <div class=\"wp-block-getwid-custom-post-type__wrapper getwid-columns getwid-columns-3\">\n                \t\t\t\t\t\t\t\t<div class='wp-block-getwid-custom-post-type__post'>\n\t\t\t\t\t\t\t\t\t\n<div class=\"wp-block-group blog-post-grid\"><div class=\"wp-block-group__inner-container is-layout-flow wp-block-group-is-layout-flow\">\n<div class=\"wp-block-getwid-template-post-featured-image aligncenter\" >\n            <a href=\"https:\/\/openmet-xc2.whads.com\/ca\/calcul-nps-2025\/\">\n        <img decoding=\"async\" width=\"640\" height=\"427\" src=\"https:\/\/openmet-xc2.whads.com\/wp-content\/uploads\/2025\/10\/13862365_5370010-768x512.jpg\" class=\"attachment-medium_large size-medium_large wp-post-image\" alt=\"Guia completa de l\u2019NPS: com calcular-lo i interpretar-lo\" srcset=\"https:\/\/openmet-xc2.whads.com\/wp-content\/uploads\/2025\/10\/13862365_5370010-768x512.jpg 768w, https:\/\/openmet-xc2.whads.com\/wp-content\/uploads\/2025\/10\/13862365_5370010-300x200.jpg 300w, https:\/\/openmet-xc2.whads.com\/wp-content\/uploads\/2025\/10\/13862365_5370010-1024x683.jpg 1024w, https:\/\/openmet-xc2.whads.com\/wp-content\/uploads\/2025\/10\/13862365_5370010-1536x1024.jpg 1536w, https:\/\/openmet-xc2.whads.com\/wp-content\/uploads\/2025\/10\/13862365_5370010-2048x1365.jpg 2048w\" sizes=\"(max-width: 640px) 100vw, 640px\" \/>            <\/a>\n    <\/div>\n\n\n\n<h3 class=\"wp-block-getwid-template-post-title h4\"><a class=\"wp-block-getwid-template-post-title__link\" href=\"https:\/\/openmet-xc2.whads.com\/ca\/calcul-nps-2025\/\">Guia completa de l\u2019NPS: com calcular-lo i interpretar-lo<\/a><\/h3>\n\n\n<div class=\"wp-block-getwid-template-post-meta has-direction-row\" >\n    \n\n<div class=\"wp-block-getwid-template-post-categories has-text-color\"  style=\"color:#999999;\" >\n        <a href=\"https:\/\/openmet-xc2.whads.com\/ca\/category\/openmet-customersca\/\" rel=\"category tag\">Openmet Customers<\/a> <a href=\"https:\/\/openmet-xc2.whads.com\/ca\/category\/satisfaccio-de-clients\/\" rel=\"category tag\">Satisfacci\u00f3 de Clients<\/a><\/div>\n<\/div>\n\n\n\n<div class=\"wp-block-getwid-template-post-content is-excerpt\" ><p>El Net Promoter Score (NPS) s\u2019ha convertit en una de les m\u00e8triques m\u00e9s utilitzades per mesurar la satisfacci\u00f3 i la lleialtat dels clients. La seva simplicitat i capacitat per oferir&hellip;<\/p><\/div>\n\n\n\n<p><\/p>\n<\/div><\/div>\n\t\t\t\t\t\t\t\t<\/div>\n\t\t\t\t\t\t\t\t\t\t\t\t\t\t\t<div class='wp-block-getwid-custom-post-type__post'>\n\t\t\t\t\t\t\t\t\t\n<div class=\"wp-block-group blog-post-grid\"><div class=\"wp-block-group__inner-container is-layout-flow wp-block-group-is-layout-flow\">\n<div class=\"wp-block-getwid-template-post-featured-image aligncenter\" >\n            <a href=\"https:\/\/openmet-xc2.whads.com\/ca\/maximitza-impacte-positiu-enquestes-satisfaccio-clients\/\">\n        <img decoding=\"async\" width=\"640\" height=\"364\" src=\"https:\/\/openmet-xc2.whads.com\/wp-content\/uploads\/2023\/11\/maximitza-enquestes-satisfaccio-clients.png\" class=\"attachment-medium_large size-medium_large wp-post-image\" alt=\"Maximitza l&#8217;impacte positiu de les enquestes de satisfacci\u00f3 de clients\" srcset=\"https:\/\/openmet-xc2.whads.com\/wp-content\/uploads\/2023\/11\/maximitza-enquestes-satisfaccio-clients.png 768w, https:\/\/openmet-xc2.whads.com\/wp-content\/uploads\/2023\/11\/maximitza-enquestes-satisfaccio-clients-300x171.png 300w\" sizes=\"(max-width: 640px) 100vw, 640px\" \/>            <\/a>\n    <\/div>\n\n\n\n<h3 class=\"wp-block-getwid-template-post-title h4\"><a class=\"wp-block-getwid-template-post-title__link\" href=\"https:\/\/openmet-xc2.whads.com\/ca\/maximitza-impacte-positiu-enquestes-satisfaccio-clients\/\">Maximitza l&#8217;impacte positiu de les enquestes de satisfacci\u00f3 de clients<\/a><\/h3>\n\n\n<div class=\"wp-block-getwid-template-post-meta has-direction-row\" >\n    \n\n<div class=\"wp-block-getwid-template-post-categories has-text-color\"  style=\"color:#999999;\" >\n        <a href=\"https:\/\/openmet-xc2.whads.com\/ca\/category\/openmet-customersca\/\" rel=\"category tag\">Openmet Customers<\/a> <a href=\"https:\/\/openmet-xc2.whads.com\/ca\/category\/satisfaccio-de-clients\/\" rel=\"category tag\">Satisfacci\u00f3 de Clients<\/a><\/div>\n<\/div>\n\n\n\n<div class=\"wp-block-getwid-template-post-content is-excerpt\" ><p>Des de fa anys, la satisfacci\u00f3 dels clients s&#8217;ha convertit en un pilar fonamental per a l&#8217;\u00e8xit de les empreses. Els clients satisfets no nom\u00e9s repeteixen, sin\u00f3 que tamb\u00e9 recomanen&hellip;<\/p><\/div>\n\n\n\n<p><\/p>\n<\/div><\/div>\n\t\t\t\t\t\t\t\t<\/div>\n\t\t\t\t\t\t\t\t\t\t\t\t\t\t\t<div class='wp-block-getwid-custom-post-type__post'>\n\t\t\t\t\t\t\t\t\t\n<div class=\"wp-block-group blog-post-grid\"><div class=\"wp-block-group__inner-container is-layout-flow wp-block-group-is-layout-flow\">\n<div class=\"wp-block-getwid-template-post-featured-image aligncenter\" >\n            <a href=\"https:\/\/openmet-xc2.whads.com\/ca\/convertir-clients-detractors-en-oportunitats-exit-empresa\/\">\n        <img decoding=\"async\" width=\"640\" height=\"364\" src=\"https:\/\/openmet-xc2.whads.com\/wp-content\/uploads\/2023\/02\/detractors-empresa.png\" class=\"attachment-medium_large size-medium_large wp-post-image\" alt=\"Com convertir els clients detractors en oportunitats per a l&#8217;\u00e8xit de l&#8217;empresa\" srcset=\"https:\/\/openmet-xc2.whads.com\/wp-content\/uploads\/2023\/02\/detractors-empresa.png 768w, https:\/\/openmet-xc2.whads.com\/wp-content\/uploads\/2023\/02\/detractors-empresa-300x171.png 300w\" sizes=\"(max-width: 640px) 100vw, 640px\" \/>            <\/a>\n    <\/div>\n\n\n\n<h3 class=\"wp-block-getwid-template-post-title h4\"><a class=\"wp-block-getwid-template-post-title__link\" href=\"https:\/\/openmet-xc2.whads.com\/ca\/convertir-clients-detractors-en-oportunitats-exit-empresa\/\">Com convertir els clients detractors en oportunitats per a l&#8217;\u00e8xit de l&#8217;empresa<\/a><\/h3>\n\n\n<div class=\"wp-block-getwid-template-post-meta has-direction-row\" >\n    \n\n<div class=\"wp-block-getwid-template-post-categories has-text-color\"  style=\"color:#999999;\" >\n        <a href=\"https:\/\/openmet-xc2.whads.com\/ca\/category\/openmet-customersca\/\" rel=\"category tag\">Openmet Customers<\/a> <a href=\"https:\/\/openmet-xc2.whads.com\/ca\/category\/satisfaccio-de-clients\/\" rel=\"category tag\">Satisfacci\u00f3 de Clients<\/a><\/div>\n<\/div>\n\n\n\n<div class=\"wp-block-getwid-template-post-content is-excerpt\" ><p>La majoria de projectes d\u2019experi\u00e8ncia i satisfacci\u00f3 de client realitzats per Openmet inclouen una pregunta NPS, que classifica els clients en detractors, passius i promotors.En aquest article ens volem centrar&hellip;<\/p><\/div>\n\n\n\n<p><\/p>\n<\/div><\/div>\n\t\t\t\t\t\t\t\t<\/div>\n\t\t\t\t\t\t\t            <\/div>\n\n                    <\/div>\n        \n\n\n<div class=\"wp-block-getwid-section alignfull alignfull getwid-margin-bottom-none getwid-section-content-full-width\" style=\"margin-top:80px\"><div class=\"wp-block-getwid-section__wrapper getwid-padding-top-none getwid-padding-bottom-none getwid-padding-left-none getwid-padding-right-none getwid-margin-left-none getwid-margin-right-none\"><div class=\"wp-block-getwid-section__inner-wrapper\"><div class=\"wp-block-getwid-section__background-holder\"><div class=\"wp-block-getwid-section__background has-background\" style=\"background-color:#f5f8fc\"><\/div><div class=\"wp-block-getwid-section__foreground\"><\/div><\/div><div class=\"wp-block-getwid-section__content\"><div class=\"wp-block-getwid-section__inner-content\">\n<div class=\"wp-block-getwid-section openmet-cta animated fadeInUp getwid-margin-top-none getwid-margin-bottom-none\"><div class=\"wp-block-getwid-section__wrapper getwid-padding-mobile-left-small getwid-padding-mobile-right-small getwid-margin-left-none getwid-margin-right-none\" style=\"padding-top:40px;padding-bottom:80px;padding-left:15%;padding-right:15%\"><div class=\"wp-block-getwid-section__inner-wrapper\"><div class=\"wp-block-getwid-section__background-holder\"><div class=\"wp-block-getwid-section__background\"><\/div><div class=\"wp-block-getwid-section__foreground\"><\/div><\/div><div class=\"wp-block-getwid-section__content\"><div class=\"wp-block-getwid-section__inner-content\">\n<div class=\"wp-block-image\"><figure class=\"aligncenter size-full is-resized\"><img decoding=\"async\" src=\"https:\/\/openmet-xc2.whads.com\/wp-content\/uploads\/2021\/09\/smile.png\" alt=\"\" class=\"wp-image-13585\" width=\"48\" height=\"48\"><\/figure><\/div>\n\n\n\n<p class=\"has-text-align-center h3\" style=\"font-size:30px\">Com et podem ajudar?<\/p>\n\n\n\n<div class=\"wp-block-getwid-advanced-spacer\" style=\"height:20px\" aria-hidden=\"true\"><\/div>\n\n\n\n<p class=\"has-text-align-center\">Des d\u2019<strong>Openmet Customers<\/strong> t\u2019ajudem a gestionar i diagnosticar gran part de la informaci\u00f3 clau per a con\u00e8ixer i comprendre millor els teus clients. Des d\u2019Openmet Customers maximitzem l\u2019\u00e8xit dels teus projectes gr\u00e0cies a la combinaci\u00f3 del nostre know-how i l\u2019ajuda dels nostres consultors i especialistes, a m\u00e9s a m\u00e9s del nostre software <a href=\"\/ca\/openmet-feedback-manager\/\">Openmet Feedback Manager<\/a>: E-Surveys (captura de dades electr\u00f2nica) + KPIs (quadres de comanament i indicadors) + Business Intelligence (entorn d\u2019an\u00e0lisi de resultats).<\/p>\n\n\n\n<div class=\"wp-block-getwid-advanced-spacer\" style=\"height:20px\" aria-hidden=\"true\"><\/div>\n\n\n\n<div class=\"wp-block-columns is-layout-flex wp-container-core-columns-is-layout-9d6595d7 wp-block-columns-is-layout-flex\">\n<div class=\"wp-block-column is-vertically-aligned-center is-layout-flow wp-block-column-is-layout-flow\">\n<p class=\"has-text-align-right has-text-color has-medium-font-size\" style=\"color:#0d99cc\"><strong>Per qu\u00e8 no comencem?<\/strong><\/p>\n<\/div>\n\n\n\n<div class=\"wp-block-column is-vertically-aligned-center alignleft is-layout-flow wp-block-column-is-layout-flow\">\n<div class=\"wp-block-buttons is-layout-flex wp-block-buttons-is-layout-flex\">\n<div class=\"wp-block-button has-custom-font-size chevron-right is-style-fill has-small-font-size\"><a class=\"wp-block-button__link has-white-color has-text-color has-background\" href=\"\/ca\/contacta\/\" style=\"background-color:#0d99cc\"><strong>contacta amb Openmet Group<\/strong><\/a><\/div>\n<\/div>\n<\/div>\n<\/div>\n<\/div><\/div><\/div><\/div><\/div>\n<\/div><\/div><\/div><\/div><\/div>\n","protected":false},"excerpt":{"rendered":"<p>Avaluar la Qualitat del Servei que reben els clients permet con\u00e8ixer l&#8217;experi\u00e8ncia i opini\u00f3 dels clients sobre diferents aspectes del servei que ofereix la companyia, per a saber com i qu\u00e8 hem de millorar (p. ex.: l&#8217;amabilitat en l&#8217;atenci\u00f3, el temps de resposta, etc.). En aquesta mena de projectes s&#8217;enquesta als clients per a obtenir el seu feedback i comptar amb m\u00e8triques objectives sobre els aspectes que haur\u00edem de millorar en el nostre servei per a aconseguir augmentar la seva satisfacci\u00f3 i la seva fidelitzaci\u00f3&#8230;.<\/p>\n<p><a class=\"openmet-read-more-link\" href=\"https:\/\/openmet-xc2.whads.com\/ca\/openmet-customers\/qualitat-del-servei\/\">Llegir m\u00e9s<\/a><\/p>\n","protected":false},"author":6,"featured_media":13782,"parent":14803,"menu_order":76,"comment_status":"open","ping_status":"closed","template":"","meta":{"inline_featured_image":false,"ub_ctt_via":"","footnotes":""},"class_list":["post-14865","page","type-page","status-publish","has-post-thumbnail","hentry"],"featured_image_src":"https:\/\/openmet-xc2.whads.com\/wp-content\/uploads\/2021\/09\/evaluacion-calidad-servicio.svg","_links":{"self":[{"href":"https:\/\/openmet-xc2.whads.com\/ca\/wp-json\/wp\/v2\/pages\/14865","targetHints":{"allow":["GET"]}}],"collection":[{"href":"https:\/\/openmet-xc2.whads.com\/ca\/wp-json\/wp\/v2\/pages"}],"about":[{"href":"https:\/\/openmet-xc2.whads.com\/ca\/wp-json\/wp\/v2\/types\/page"}],"author":[{"embeddable":true,"href":"https:\/\/openmet-xc2.whads.com\/ca\/wp-json\/wp\/v2\/users\/6"}],"replies":[{"embeddable":true,"href":"https:\/\/openmet-xc2.whads.com\/ca\/wp-json\/wp\/v2\/comments?post=14865"}],"version-history":[{"count":8,"href":"https:\/\/openmet-xc2.whads.com\/ca\/wp-json\/wp\/v2\/pages\/14865\/revisions"}],"predecessor-version":[{"id":16112,"href":"https:\/\/openmet-xc2.whads.com\/ca\/wp-json\/wp\/v2\/pages\/14865\/revisions\/16112"}],"up":[{"embeddable":true,"href":"https:\/\/openmet-xc2.whads.com\/ca\/wp-json\/wp\/v2\/pages\/14803"}],"wp:featuredmedia":[{"embeddable":true,"href":"https:\/\/openmet-xc2.whads.com\/ca\/wp-json\/wp\/v2\/media\/13782"}],"wp:attachment":[{"href":"https:\/\/openmet-xc2.whads.com\/ca\/wp-json\/wp\/v2\/media?parent=14865"}],"curies":[{"name":"wp","href":"https:\/\/api.w.org\/{rel}","templated":true}]}}