{"id":14853,"date":"2021-09-08T17:00:48","date_gmt":"2021-09-08T15:00:48","guid":{"rendered":"https:\/\/openmet-xc2.whads.com\/openmet-feedback-manager\/you-make-plans\/"},"modified":"2024-11-18T13:49:29","modified_gmt":"2024-11-18T11:49:29","slug":"youmakeplans","status":"publish","type":"page","link":"https:\/\/openmet-xc2.whads.com\/ca\/openmet-feedback-manager\/youmakeplans\/","title":{"rendered":"YouMakePlans &#8211;  Gesti\u00f3 d&#8217;Objectius i plans d&#8217;Acci\u00f3"},"content":{"rendered":"\n<div class=\"wp-block-getwid-section has-inner-blocks-gap-none getwid-margin-top-none getwid-section-content-full-width\" style=\"margin-bottom:43px\"><div class=\"wp-block-getwid-section__wrapper getwid-padding-top-none getwid-padding-bottom-none getwid-padding-left-none getwid-padding-right-none getwid-margin-left-none getwid-margin-right-none getwid-justify-content-flex-start\"><div class=\"wp-block-getwid-section__inner-wrapper\"><div class=\"wp-block-getwid-section__background-holder\"><div class=\"wp-block-getwid-section__background\"><\/div><div class=\"wp-block-getwid-section__foreground\"><\/div><\/div><div class=\"wp-block-getwid-section__content\"><div class=\"wp-block-getwid-section__inner-content\">\n<div class=\"wp-block-media-text alignwide has-media-on-the-right is-stacked-on-mobile is-vertically-aligned-top\" style=\"grid-template-columns:auto 40%\"><div class=\"wp-block-media-text__content\">\n<div style=\"height:20px\" aria-hidden=\"true\" class=\"wp-block-spacer\"><\/div>\n\n\n\n<div class=\"wp-block-group\"><div class=\"wp-block-group__inner-container is-layout-flow wp-block-group-is-layout-flow\">\n<p class=\"feedback-badge\">Openmet Feedback Manager<\/p>\n<\/div><\/div>\n\n\n\n<h1 class=\"wp-block-heading font-weight-bolder pr-5 pt-3 has-huge-font-size\">Openmet YouMakePlans<\/h1>\n\n\n\n<p class=\"pr-5 pt-3 font-weight-light\">Et facilitem la creaci\u00f3, desplegament, seguiment i execuci\u00f3 d&#8217;Objectius i Plans d&#8217;acci\u00f3 de millora individuals o empresarials amb YouMakePlans<\/p>\n\n\n\n<figure class=\"wp-block-image size-medium is-resized\"><img decoding=\"async\" width=\"300\" height=\"88\" src=\"https:\/\/openmet-xc2.whads.com\/wp-content\/uploads\/2021\/10\/openmet-you-make-plans-1-300x88.png\" alt=\"\" class=\"wp-image-14666\" style=\"width:225px;height:66px\" srcset=\"https:\/\/openmet-xc2.whads.com\/wp-content\/uploads\/2021\/10\/openmet-you-make-plans-1-300x88.png 300w, https:\/\/openmet-xc2.whads.com\/wp-content\/uploads\/2021\/10\/openmet-you-make-plans-1.png 587w\" sizes=\"(max-width: 300px) 100vw, 300px\" \/><\/figure>\n\n\n\n<div class=\"wp-block-buttons has-custom-font-size animated pulse is-content-justification-left is-layout-flex wp-container-core-buttons-is-layout-fdcfc74e wp-block-buttons-is-layout-flex\" style=\"font-size:8px\">\n<div class=\"wp-block-button has-custom-font-size chevron-right\" style=\"font-size:16px\"><a class=\"wp-block-button__link has-white-color has-text-color has-background wp-element-button\" href=\"\/ca\/contacta\/\" style=\"background-color:#0d99cc\" target=\"_blank\" rel=\"noreferrer noopener\">Contacta amb els nostres experts<\/a><\/div>\n<\/div>\n<\/div><figure class=\"wp-block-media-text__media\"><img decoding=\"async\" src=\"https:\/\/openmet-xc2.whads.com\/wp-content\/uploads\/2021\/10\/you-make-plans.svg\" alt=\"YouMakePlans\" class=\"wp-image-14679 size-full\"\/><\/figure><\/div>\n<\/div><\/div><\/div><\/div><\/div>\n\n\n\n<div class=\"wp-block-getwid-advanced-spacer\" style=\"height:40px\" aria-hidden=\"true\"><\/div>\n\n\n\n<h2 class=\"wp-block-heading\">Qu\u00e8 \u00e9s Openmet YouMakePlans i quins beneficis t&#8217;aporta?<\/h2>\n\n\n\n<div class=\"wp-block-getwid-advanced-spacer\" style=\"height:40px\" aria-hidden=\"true\"><\/div>\n\n\n\n<div class=\"wp-block-columns is-layout-flex wp-container-core-columns-is-layout-9d6595d7 wp-block-columns-is-layout-flex\">\n<div class=\"wp-block-column is-layout-flow wp-block-column-is-layout-flow\">\n<div class=\"wp-block-columns is-layout-flex wp-container-core-columns-is-layout-9d6595d7 wp-block-columns-is-layout-flex\">\n<div class=\"wp-block-column is-layout-flow wp-block-column-is-layout-flow\">\n<ul style=\"background-color:#f5f8fc\" class=\"wp-block-list checked feedback has-background\">\n<li>Ajuda a formalitzar, organitzar i mobilitzar a l&#8217;organitzaci\u00f3 \u201cper tal que les coses passin\u201d:<br>\u00b7 <strong>Formalitza<\/strong>: Proporciona el marc conceptual per a crear objectius, plans d&#8217;acci\u00f3, responsables, calendaris i m\u00e8triques<br>\u00b7 <strong>Organitza<\/strong>: Delega, ordena i encadena accions i objectius, ajudant al seu desplegament<br>\u00b7 <strong>Mobilitza<\/strong>: Les m\u00e8triques i les alertes per e-mail permeten realitzar el seguiment del progr\u00e9s i animar a la seva execuci\u00f3<\/li>\n\n\n\n<li>Proporciona una <strong>visualitzaci\u00f3 i seguiment global i parcial<\/strong> (managers regionals)<\/li>\n\n\n\n<li>Calcula <strong>m\u00e8triques (KPIs)<\/strong> agregades globals i parcials<\/li>\n\n\n\n<li>\u00c9s <strong>f\u00e0cil d&#8217;usar<\/strong>, estalvia temps i recursos en comparaci\u00f3 a d&#8217;altres sistemes (inform\u00e0tics, manuals o no usar cap sistema)<\/li>\n\n\n\n<li>Est\u00e0 en <strong>Cloud<\/strong>, sempre accessible des de qualsevol ordinador\/smartphone<\/li>\n\n\n\n<li>Permet l&#8217;exportaci\u00f3 a <strong>Excel<\/strong><\/li>\n<\/ul>\n<\/div>\n\n\n\n<div class=\"wp-block-column is-layout-flow wp-block-column-is-layout-flow\">\n<figure class=\"wp-block-image size-full is-resized animated fadeInUp\"><img decoding=\"async\" width=\"583\" height=\"389\" src=\"https:\/\/openmet-xc2.whads.com\/wp-content\/uploads\/2021\/10\/you-make-plans.png\" alt=\"\" class=\"wp-image-14672\" style=\"width:583px;height:389px\" srcset=\"https:\/\/openmet-xc2.whads.com\/wp-content\/uploads\/2021\/10\/you-make-plans.png 583w, https:\/\/openmet-xc2.whads.com\/wp-content\/uploads\/2021\/10\/you-make-plans-300x200.png 300w\" sizes=\"(max-width: 583px) 100vw, 583px\" \/><\/figure>\n<\/div>\n<\/div>\n<\/div>\n<\/div>\n\n\n\n<div class=\"wp-block-getwid-advanced-spacer\" style=\"height:40px\" aria-hidden=\"true\"><\/div>\n\n\n\n<h3 class=\"wp-block-heading\">Caracter\u00edstiques. Gesti\u00f3 d&#8217;Objectius i plans d&#8217;Acci\u00f3<\/h3>\n\n\n\n<div class=\"wp-block-getwid-advanced-spacer\" style=\"height:28px\" aria-hidden=\"true\"><\/div>\n\n\n\n<div class=\"wp-block-columns is-layout-flex wp-container-core-columns-is-layout-9d6595d7 wp-block-columns-is-layout-flex\">\n<div class=\"wp-block-column is-layout-flow wp-block-column-is-layout-flow\">\n<ul style=\"background-color:#f5f8fc\" class=\"wp-block-list checked feedback has-background\">\n<li>Creaci\u00f3 i seguiment d&#8217;<strong>Objectius<\/strong>:<br>\u00b7 Assignaci\u00f3 de propietari\/responsable<br>\u00b7 Fixaci\u00f3 de m\u00e8triques<br><strong>\u00b7 C\u00e0lcul de KPIs (m\u00e8triques) de progr\u00e9s autom\u00e0tic<\/strong> a partir d&#8217;accions (amb possibilitat de ponderaci\u00f3)<br>\u00b7 Vinculaci\u00f3 a KPIs i segments<br><\/li>\n\n\n\n<li>Creaci\u00f3 i seguiment de <strong>Plans d&#8217;acci\u00f3 de millora<\/strong>:<br>\u00b7 Assignaci\u00f3 de propietari\/responsable<br>\u00b7 Vinculaci\u00f3 a objectius<\/li>\n\n\n\n<li>Diagrames de <strong>calendari<\/strong> autom\u00e0tics<\/li>\n\n\n\n<li>Creaci\u00f3 d&#8217;<strong>\u00e0mbits d&#8217;actuaci\u00f3<\/strong> que permeten separar grups d&#8217;Objectius diferents<\/li>\n\n\n\n<li><strong>Visualitzaci\u00f3 compacta<\/strong> (nom\u00e9s Objectius) o detallada (Objectius i accions)<\/li>\n<\/ul>\n<\/div>\n\n\n\n<div class=\"wp-block-column is-layout-flow wp-block-column-is-layout-flow\">\n<ul style=\"background-color:#f5f8fc\" class=\"wp-block-list checked feedback has-background\">\n<li><strong>Filtres diversos<\/strong> permeten visualitzaci\u00f3 parcial (per responsable, per avaluaci\u00f3, etc.)<\/li>\n\n\n\n<li><strong>Agrupaci\u00f3 d&#8217;Objectius<\/strong> per diversos criteris (responsable, avaluaci\u00f3, etc.)<\/li>\n\n\n\n<li><strong>Usuaris amb Rols\/Permisos diferents<\/strong> que permeten una visualitzaci\u00f3 parcial, ideal per a managers regionals o de departament:<br>\u00b7 Els managers regionals nom\u00e9s veuen els objectius i accions que estan sota el seu control (arbre de responsabilitat)<br>\u00b7 Les m\u00e8triques i les exportacions s&#8217;adapten als objectius sobre els quals es t\u00e9 control<\/li>\n<\/ul>\n<\/div>\n<\/div>\n\n\n\n<div class=\"wp-block-getwid-advanced-spacer\" style=\"height:39px\" aria-hidden=\"true\"><\/div>\n\n\n\n<hr class=\"wp-block-separator has-text-color has-css-opacity has-background is-style-default alignwide\" style=\"background-color:#999999;color:#999999\"\/>\n\n\n\n<div class=\"wp-block-getwid-advanced-spacer\" style=\"height:39px\" aria-hidden=\"true\"><\/div>\n\n\n\n<div class=\"wp-block-group mb-2 animated fadeInUp\"><div class=\"wp-block-group__inner-container is-layout-flow wp-block-group-is-layout-flow\">\n<h2 class=\"wp-block-heading display-3\">Blog<\/h2>\n\n\n\n<p class=\"has-text-align-left alignleft has-text-color\" style=\"color:#999999\">Si vols con\u00e8ixer m\u00e9s, a Openmet Group redactem articles propis per ajudar-te a fer cr\u00e9ixer el teu negoci <\/p>\n\n\n\n<div class=\"wp-block-buttons is-layout-flex wp-block-buttons-is-layout-flex\">\n<div class=\"wp-block-button has-custom-font-size chevron-right has-small-font-size\"><a class=\"wp-block-button__link has-white-color has-text-color has-background wp-element-button\" href=\"\/ca\/blog\" style=\"background-color:#0d99cc\">veure-ho tot<\/a><\/div>\n<\/div>\n<\/div><\/div>\n\n\n\n<div class=\"wp-block-getwid-advanced-spacer\" style=\"height:10px\" aria-hidden=\"true\"><\/div>\n\n\n        <div class=\"wp-block-getwid-custom-post-type custom-post-type-post has-layout-grid has-spacing-normal\">\n            <div class=\"wp-block-getwid-custom-post-type__wrapper getwid-columns getwid-columns-3\">\n                \t\t\t\t\t\t\t\t<div class='wp-block-getwid-custom-post-type__post'>\n\t\t\t\t\t\t\t\t\t\n<div class=\"wp-block-group blog-post-grid\"><div class=\"wp-block-group__inner-container is-layout-flow wp-block-group-is-layout-flow\">\n<div class=\"wp-block-getwid-template-post-featured-image aligncenter\" >\n            <a href=\"https:\/\/openmet-xc2.whads.com\/ca\/7-claus-gestio-feedback\/\">\n        <img decoding=\"async\" width=\"640\" height=\"364\" src=\"https:\/\/openmet-xc2.whads.com\/wp-content\/uploads\/2022\/10\/gestio-feedback.png\" class=\"attachment-medium_large size-medium_large wp-post-image\" alt=\"7 claus per a la gesti\u00f3 del feedback\" srcset=\"https:\/\/openmet-xc2.whads.com\/wp-content\/uploads\/2022\/10\/gestio-feedback.png 768w, https:\/\/openmet-xc2.whads.com\/wp-content\/uploads\/2022\/10\/gestio-feedback-300x171.png 300w\" sizes=\"(max-width: 640px) 100vw, 640px\" \/>            <\/a>\n    <\/div>\n\n\n\n<h3 class=\"wp-block-getwid-template-post-title h4\"><a class=\"wp-block-getwid-template-post-title__link\" href=\"https:\/\/openmet-xc2.whads.com\/ca\/7-claus-gestio-feedback\/\">7 claus per a la gesti\u00f3 del feedback<\/a><\/h3>\n\n\n<div class=\"wp-block-getwid-template-post-meta has-direction-row\" >\n    \n\n<div class=\"wp-block-getwid-template-post-categories has-text-color\"  style=\"color:#999999;\" >\n        <a href=\"https:\/\/openmet-xc2.whads.com\/ca\/category\/avaluacio-per-competencies\/\" rel=\"category tag\">Avaluaci\u00f3 per compet\u00e8ncies<\/a> <a href=\"https:\/\/openmet-xc2.whads.com\/ca\/category\/openmet-feedback-manager\/\" rel=\"category tag\">Openmet Feedback Manager<\/a><\/div>\n<\/div>\n\n\n\n<div class=\"wp-block-getwid-template-post-content is-excerpt\" ><p>Quan donar feedback? I Com fer-ho? En aquest article et mostrem algunes claus per qu\u00e8 la gesti\u00f3 del feedback es converteixi en un avantatge competitiu per a la teva organitzaci\u00f3&hellip;<\/p><\/div>\n\n\n\n<p><\/p>\n<\/div><\/div>\n\t\t\t\t\t\t\t\t<\/div>\n\t\t\t\t\t\t\t\t\t\t\t\t\t\t\t<div class='wp-block-getwid-custom-post-type__post'>\n\t\t\t\t\t\t\t\t\t\n<div class=\"wp-block-group blog-post-grid\"><div class=\"wp-block-group__inner-container is-layout-flow wp-block-group-is-layout-flow\">\n<div class=\"wp-block-getwid-template-post-featured-image aligncenter\" >\n            <a href=\"https:\/\/openmet-xc2.whads.com\/ca\/com-decidir-la-frequencia-de-les-enquestes\/\">\n        <img decoding=\"async\" width=\"640\" height=\"400\" src=\"https:\/\/openmet-xc2.whads.com\/wp-content\/uploads\/2019\/05\/enquestes-online-768x480.jpg\" class=\"attachment-medium_large size-medium_large wp-post-image\" alt=\"Com decidir la freq\u00fc\u00e8ncia de les enquestes\" srcset=\"https:\/\/openmet-xc2.whads.com\/wp-content\/uploads\/2019\/05\/enquestes-online-768x480.jpg 768w, https:\/\/openmet-xc2.whads.com\/wp-content\/uploads\/2019\/05\/enquestes-online-300x188.jpg 300w, https:\/\/openmet-xc2.whads.com\/wp-content\/uploads\/2019\/05\/enquestes-online-100x63.jpg 100w, https:\/\/openmet-xc2.whads.com\/wp-content\/uploads\/2019\/05\/enquestes-online.jpg 800w\" sizes=\"(max-width: 640px) 100vw, 640px\" \/>            <\/a>\n    <\/div>\n\n\n\n<h3 class=\"wp-block-getwid-template-post-title h4\"><a class=\"wp-block-getwid-template-post-title__link\" href=\"https:\/\/openmet-xc2.whads.com\/ca\/com-decidir-la-frequencia-de-les-enquestes\/\">Com decidir la freq\u00fc\u00e8ncia de les enquestes<\/a><\/h3>\n\n\n<div class=\"wp-block-getwid-template-post-meta has-direction-row\" >\n    \n\n<div class=\"wp-block-getwid-template-post-categories has-text-color\"  style=\"color:#999999;\" >\n        <a href=\"https:\/\/openmet-xc2.whads.com\/ca\/category\/openmet-customersca\/\" rel=\"category tag\">Openmet Customers<\/a> <a href=\"https:\/\/openmet-xc2.whads.com\/ca\/category\/openmet-feedback-manager\/\" rel=\"category tag\">Openmet Feedback Manager<\/a> <a href=\"https:\/\/openmet-xc2.whads.com\/ca\/category\/openmet-peoplecat\/\" rel=\"category tag\">Openmet People<\/a> <a href=\"https:\/\/openmet-xc2.whads.com\/ca\/category\/satisfaccio-de-clients\/\" rel=\"category tag\">Satisfacci\u00f3 de Clients<\/a><\/div>\n<\/div>\n\n\n\n<div class=\"wp-block-getwid-template-post-content is-excerpt\" ><p>Durant els \u00faltims anys, a Openmet estem assistint a un augment de la periodicitat amb qu\u00e8 realitzem els projectes i estudis d\u2019avaluaci\u00f3 de clients o treballadors. Cada cop es fan&hellip;<\/p><\/div>\n\n\n\n<p><\/p>\n<\/div><\/div>\n\t\t\t\t\t\t\t\t<\/div>\n\t\t\t\t\t\t\t\t\t\t\t\t\t\t\t<div class='wp-block-getwid-custom-post-type__post'>\n\t\t\t\t\t\t\t\t\t\n<div class=\"wp-block-group blog-post-grid\"><div class=\"wp-block-group__inner-container is-layout-flow wp-block-group-is-layout-flow\">\n<div class=\"wp-block-getwid-template-post-featured-image aligncenter\" >\n            <a href=\"https:\/\/openmet-xc2.whads.com\/ca\/enquestes-amb-rotacio-de-preguntes\/\">\n        <img decoding=\"async\" width=\"640\" height=\"371\" src=\"https:\/\/openmet-xc2.whads.com\/wp-content\/uploads\/2017\/05\/enquestes-rotacio-preguntes-1.jpeg\" class=\"attachment-medium_large size-medium_large wp-post-image\" alt=\"Enquestes amb rotaci\u00f3 de preguntes\" srcset=\"https:\/\/openmet-xc2.whads.com\/wp-content\/uploads\/2017\/05\/enquestes-rotacio-preguntes-1.jpeg 649w, https:\/\/openmet-xc2.whads.com\/wp-content\/uploads\/2017\/05\/enquestes-rotacio-preguntes-1-300x174.jpeg 300w, https:\/\/openmet-xc2.whads.com\/wp-content\/uploads\/2017\/05\/enquestes-rotacio-preguntes-1-100x58.jpeg 100w\" sizes=\"(max-width: 640px) 100vw, 640px\" \/>            <\/a>\n    <\/div>\n\n\n\n<h3 class=\"wp-block-getwid-template-post-title h4\"><a class=\"wp-block-getwid-template-post-title__link\" href=\"https:\/\/openmet-xc2.whads.com\/ca\/enquestes-amb-rotacio-de-preguntes\/\">Enquestes amb rotaci\u00f3 de preguntes<\/a><\/h3>\n\n\n<div class=\"wp-block-getwid-template-post-meta has-direction-row\" >\n    \n\n<div class=\"wp-block-getwid-template-post-categories has-text-color\"  style=\"color:#999999;\" >\n        <a href=\"https:\/\/openmet-xc2.whads.com\/ca\/category\/openmet-customersca\/\" rel=\"category tag\">Openmet Customers<\/a> <a href=\"https:\/\/openmet-xc2.whads.com\/ca\/category\/openmet-feedback-manager\/\" rel=\"category tag\">Openmet Feedback Manager<\/a> <a href=\"https:\/\/openmet-xc2.whads.com\/ca\/category\/satisfaccio-de-clients\/\" rel=\"category tag\">Satisfacci\u00f3 de Clients<\/a><\/div>\n<\/div>\n\n\n\n<div class=\"wp-block-getwid-template-post-content is-excerpt\" ><p>Un dels reptes m\u00e9s importants amb qu\u00e8 ens enfrontem a Openmet a l\u2019hora de fer enquestes a clients \u00e9s la necessitat que les enquestes siguin curtes. En general, el temps&hellip;<\/p><\/div>\n\n\n\n<p><\/p>\n<\/div><\/div>\n\t\t\t\t\t\t\t\t<\/div>\n\t\t\t\t\t\t\t            <\/div>\n\n                    <\/div>\n        \n\n\n<div class=\"wp-block-getwid-advanced-spacer\" style=\"height:10px\" aria-hidden=\"true\"><\/div>\n\n\n\n<div class=\"wp-block-getwid-section alignfull alignfull getwid-margin-bottom-none getwid-section-content-full-width\" style=\"margin-top:80px\"><div class=\"wp-block-getwid-section__wrapper getwid-padding-top-none getwid-padding-bottom-none getwid-padding-left-none getwid-padding-right-none getwid-margin-left-none getwid-margin-right-none\"><div class=\"wp-block-getwid-section__inner-wrapper\"><div class=\"wp-block-getwid-section__background-holder\"><div class=\"wp-block-getwid-section__background has-background\" style=\"background-color:#f5f8fc\"><\/div><div class=\"wp-block-getwid-section__foreground\"><\/div><\/div><div class=\"wp-block-getwid-section__content\"><div class=\"wp-block-getwid-section__inner-content\">\n<div class=\"wp-block-getwid-section openmet-cta animated fadeInUp getwid-margin-top-none getwid-margin-bottom-none\"><div class=\"wp-block-getwid-section__wrapper getwid-padding-mobile-left-small getwid-padding-mobile-right-small getwid-margin-left-none getwid-margin-right-none\" style=\"padding-top:40px;padding-bottom:80px;padding-left:15%;padding-right:15%\"><div class=\"wp-block-getwid-section__inner-wrapper\"><div class=\"wp-block-getwid-section__background-holder\"><div class=\"wp-block-getwid-section__background\"><\/div><div class=\"wp-block-getwid-section__foreground\"><\/div><\/div><div class=\"wp-block-getwid-section__content\"><div class=\"wp-block-getwid-section__inner-content\">\n<div class=\"wp-block-image\"><figure class=\"aligncenter size-full is-resized\"><img decoding=\"async\" src=\"https:\/\/openmet-xc2.whads.com\/wp-content\/uploads\/2021\/09\/smile.png\" alt=\"\" class=\"wp-image-13585\" width=\"48\" height=\"48\"><\/figure><\/div>\n\n\n\n<p class=\"has-text-align-center h3\" style=\"font-size:30px\">Com podem ajudar-te?<\/p>\n\n\n\n<div class=\"wp-block-getwid-advanced-spacer\" style=\"height:20px\" aria-hidden=\"true\"><\/div>\n\n\n\n<p class=\"has-text-align-center\">Amb <strong>Openmet Feedback Manager<\/strong> tindr\u00e0s un software d&#8217;enquestes i anal\u00edtica de resultats professional.<\/p>\n\n\n\n<div class=\"wp-block-getwid-advanced-spacer\" style=\"height:20px\" aria-hidden=\"true\"><\/div>\n\n\n\n<div class=\"wp-block-columns is-layout-flex wp-container-core-columns-is-layout-9d6595d7 wp-block-columns-is-layout-flex\">\n<div class=\"wp-block-column is-vertically-aligned-center is-layout-flow wp-block-column-is-layout-flow\">\n<p class=\"has-text-align-right has-text-color has-medium-font-size\" style=\"color:#0d99cc\"><strong>Per qu\u00e8 no comencem?<\/strong><\/p>\n<\/div>\n\n\n\n<div class=\"wp-block-column is-vertically-aligned-center alignleft is-layout-flow wp-block-column-is-layout-flow\">\n<div class=\"wp-block-buttons is-layout-flex wp-block-buttons-is-layout-flex\">\n<div class=\"wp-block-button has-custom-font-size chevron-right is-style-fill has-small-font-size\"><a class=\"wp-block-button__link has-white-color has-text-color has-background\" href=\"\/ca\/contacta\/\" style=\"background-color:#0d99cc\"><strong>contacta amb Openmet Group<\/strong><\/a><\/div>\n<\/div>\n<\/div>\n<\/div>\n<\/div><\/div><\/div><\/div><\/div>\n<\/div><\/div><\/div><\/div><\/div>\n","protected":false},"excerpt":{"rendered":"<p>Et facilitem la creaci\u00f3, desplegament, seguiment i execuci\u00f3 d&#8217;Objectius i Plans d&#8217;acci\u00f3 de millora individuals o empresarials&#8230;<\/p>\n<p><a class=\"openmet-read-more-link\" href=\"https:\/\/openmet-xc2.whads.com\/ca\/openmet-feedback-manager\/youmakeplans\/\">Llegir m\u00e9s<\/a><\/p>\n","protected":false},"author":5,"featured_media":13823,"parent":14840,"menu_order":98,"comment_status":"closed","ping_status":"closed","template":"","meta":{"inline_featured_image":false,"ub_ctt_via":"","footnotes":""},"class_list":["post-14853","page","type-page","status-publish","has-post-thumbnail","hentry"],"featured_image_src":"https:\/\/openmet-xc2.whads.com\/wp-content\/uploads\/2021\/09\/you-make-plans.svg","_links":{"self":[{"href":"https:\/\/openmet-xc2.whads.com\/ca\/wp-json\/wp\/v2\/pages\/14853","targetHints":{"allow":["GET"]}}],"collection":[{"href":"https:\/\/openmet-xc2.whads.com\/ca\/wp-json\/wp\/v2\/pages"}],"about":[{"href":"https:\/\/openmet-xc2.whads.com\/ca\/wp-json\/wp\/v2\/types\/page"}],"author":[{"embeddable":true,"href":"https:\/\/openmet-xc2.whads.com\/ca\/wp-json\/wp\/v2\/users\/5"}],"replies":[{"embeddable":true,"href":"https:\/\/openmet-xc2.whads.com\/ca\/wp-json\/wp\/v2\/comments?post=14853"}],"version-history":[{"count":20,"href":"https:\/\/openmet-xc2.whads.com\/ca\/wp-json\/wp\/v2\/pages\/14853\/revisions"}],"predecessor-version":[{"id":18953,"href":"https:\/\/openmet-xc2.whads.com\/ca\/wp-json\/wp\/v2\/pages\/14853\/revisions\/18953"}],"up":[{"embeddable":true,"href":"https:\/\/openmet-xc2.whads.com\/ca\/wp-json\/wp\/v2\/pages\/14840"}],"wp:featuredmedia":[{"embeddable":true,"href":"https:\/\/openmet-xc2.whads.com\/ca\/wp-json\/wp\/v2\/media\/13823"}],"wp:attachment":[{"href":"https:\/\/openmet-xc2.whads.com\/ca\/wp-json\/wp\/v2\/media?parent=14853"}],"curies":[{"name":"wp","href":"https:\/\/api.w.org\/{rel}","templated":true}]}}