{"id":14798,"date":"2021-09-28T11:41:38","date_gmt":"2021-09-28T09:41:38","guid":{"rendered":"https:\/\/openmet-xc2.whads.com\/openmet-people\/resiliencia-organizativa\/"},"modified":"2023-03-09T18:07:37","modified_gmt":"2023-03-09T16:07:37","slug":"resiliencia-organitzativa","status":"publish","type":"page","link":"https:\/\/openmet-xc2.whads.com\/ca\/openmet-people\/resiliencia-organitzativa\/","title":{"rendered":"Resili\u00e8ncia organitzativa"},"content":{"rendered":"\n<div class=\"wp-block-getwid-section has-inner-blocks-gap-none getwid-margin-top-none getwid-section-content-full-width\" style=\"margin-bottom:37px\"><div class=\"wp-block-getwid-section__wrapper getwid-padding-top-none getwid-padding-bottom-none getwid-padding-left-none getwid-padding-right-none getwid-margin-left-none getwid-margin-right-none getwid-justify-content-flex-start\"><div class=\"wp-block-getwid-section__inner-wrapper\"><div class=\"wp-block-getwid-section__background-holder\"><div class=\"wp-block-getwid-section__background\"><\/div><div class=\"wp-block-getwid-section__foreground\"><\/div><\/div><div class=\"wp-block-getwid-section__content\"><div class=\"wp-block-getwid-section__inner-content\">\n<div class=\"wp-block-media-text alignwide has-media-on-the-right is-stacked-on-mobile\" style=\"grid-template-columns:auto 45%\"><figure class=\"wp-block-media-text__media\"><img decoding=\"async\" src=\"https:\/\/openmet-xc2.whads.com\/wp-content\/uploads\/2021\/10\/resiliencia-2.svg\" alt=\"resili\u00e8ncia organitzativa\" class=\"wp-image-14710 size-full\"\/><\/figure><div class=\"wp-block-media-text__content\">\n<p class=\"people-badge\">Openmet People<\/p>\n\n\n\n<h1 class=\"font-weight-bolder pr-5 pt-2 has-huge-font-size wp-block-heading\">Resili\u00e8ncia organitzativa<\/h1>\n\n\n\n<p class=\"pr-5 font-weight-light large-line-height\">La <strong>resili\u00e8ncia organitzativa<\/strong> t&#8217;ajuda a avaluar i aconseguir una organitzaci\u00f3 m\u00e9s resilient, que s\u00e0piga actuar i prosperar de manera saludable i sostenible en el nostre m\u00f3n incert, complex, accelerat i disruptiu.<\/p>\n\n\n\n<figure class=\"wp-block-image size-medium is-resized\"><a href=\"https:\/\/resilfy.com\/\" target=\"_blank\" rel=\"noopener\"><img decoding=\"async\" src=\"https:\/\/openmet-xc2.whads.com\/wp-content\/uploads\/2021\/09\/logotipo-resilfy-300x248.png\" alt=\"\" class=\"wp-image-14102\" width=\"150\" height=\"124\" srcset=\"https:\/\/openmet-xc2.whads.com\/wp-content\/uploads\/2021\/09\/logotipo-resilfy-300x248.png 300w, https:\/\/openmet-xc2.whads.com\/wp-content\/uploads\/2021\/09\/logotipo-resilfy-1024x846.png 1024w, https:\/\/openmet-xc2.whads.com\/wp-content\/uploads\/2021\/09\/logotipo-resilfy-768x635.png 768w, https:\/\/openmet-xc2.whads.com\/wp-content\/uploads\/2021\/09\/logotipo-resilfy-1536x1270.png 1536w, https:\/\/openmet-xc2.whads.com\/wp-content\/uploads\/2021\/09\/logotipo-resilfy.png 1949w\" sizes=\"(max-width: 150px) 100vw, 150px\" \/><\/a><\/figure>\n<\/div><\/div>\n<\/div><\/div><\/div><\/div><\/div>\n\n\n\n<div class=\"wp-block-getwid-advanced-spacer\" style=\"height:23px\" aria-hidden=\"true\"><\/div>\n\n\n\n<h2 class=\"wp-block-heading\">Resilfy \u2013 Experts en resili\u00e8ncia organitzativa<\/h2>\n\n\n\n<div class=\"wp-block-getwid-advanced-spacer\" style=\"height:40px\" aria-hidden=\"true\"><\/div>\n\n\n\n<div class=\"wp-block-columns is-layout-flex wp-container-core-columns-is-layout-9d6595d7 wp-block-columns-is-layout-flex\">\n<div class=\"wp-block-column is-layout-flow wp-block-column-is-layout-flow\">\n<ul class=\"checked people has-background wp-block-list\" style=\"background-color:#f5f8fc\"><li>El nostre model de resili\u00e8ncia \u2013 Organitzacions R3.0 \u2013 ajuda a que les organitzacions s&#8217;adaptin a entorns canviants i disruptius i s&#8217;anticipin i preparin enfront de nous reptes, de manera responsable i sostenible, optimitzant els seus recursos i beneficis. La resili\u00e8ncia i l&#8217;agilitat s\u00f3n les principals caracter\u00edstiques de les organitzacions que han sabut adaptar-se i cr\u00e9ixer en la situaci\u00f3 de la pand\u00e8mia.<\/li><li><a href=\"https:\/\/resilfy.com\/\" target=\"_blank\" rel=\"noreferrer noopener\">Resilfy <\/a>\u00e9s un conjunt de solucions digitals, senzilles i eficaces, per a construir organitzacions resilients: Organitzacions R3.0<\/li><li><a href=\"https:\/\/resilfy.com\/\" target=\"_blank\" rel=\"noreferrer noopener\">Resilfy <\/a>\u00e9s el resultat de la col\u00b7laboraci\u00f3 de Audit &amp; Control Estr\u00e9s i Openmet, empreses l\u00edders en estudis i intervenci\u00f3 psicosocial.<\/li><\/ul>\n<\/div>\n<\/div>\n\n\n\n<div class=\"wp-block-getwid-advanced-spacer\" style=\"height:40px\" aria-hidden=\"true\"><\/div>\n\n\n\n<h2 class=\"wp-block-heading\">Solucions Resilfy<\/h2>\n\n\n\n<div class=\"wp-block-getwid-advanced-spacer\" style=\"height:40px\" aria-hidden=\"true\"><\/div>\n\n\n\n<figure class=\"wp-block-table\"><table><tbody><tr><td><strong>Nivells<\/strong><\/td><td><strong>Solucions<\/strong><\/td><td><strong>Diagn\u00f2stic i desenvolupament<\/strong><\/td><\/tr><tr><td>Personal (individual i grupal)<\/td><td><a href=\"https:\/\/resilfy.com\/afronta-r3-0\/\" target=\"_blank\" rel=\"noreferrer noopener\">AFRONTA R3.0<\/a><\/td><td>Compet\u00e8ncies d&#8217;afrontament proactiu i resili\u00e8ncia<\/td><\/tr><tr><td>L\u00edders i responsables d&#8217;equips de persones<\/td><td><a href=\"https:\/\/resilfy.com\/lidera-r3-0\/\" target=\"_blank\" rel=\"noreferrer noopener\">LIDERA R3.0<\/a><\/td><td>Compet\u00e8ncies de lideratge resilient<\/td><\/tr><tr><td>Organitzacions<\/td><td><a href=\"https:\/\/resilfy.com\/organiza-r3-0\/\" target=\"_blank\" rel=\"noreferrer noopener\">ORGANIZA R3.0<\/a><\/td><td>Comportament resilient de l&#8217;organitzaci\u00f3<\/td><\/tr><\/tbody><\/table><\/figure>\n\n\n\n<div class=\"wp-block-getwid-advanced-spacer\" style=\"height:40px\" aria-hidden=\"true\"><\/div>\n\n\n\n<hr class=\"wp-block-separator has-text-color has-css-opacity has-background is-style-default alignwide\" style=\"background-color:#999999;color:#999999\"\/>\n\n\n\n<div class=\"wp-block-getwid-advanced-spacer\" style=\"height:40px\" aria-hidden=\"true\"><\/div>\n\n\n\n<div class=\"wp-block-group mb-2 animated fadeInUp\"><div class=\"wp-block-group__inner-container is-layout-flow wp-block-group-is-layout-flow\">\n<h2 class=\"wp-block-heading display-3\">Blog<\/h2>\n\n\n\n<p class=\"has-text-align-left alignleft has-text-color\" style=\"color:#999999\">Si vols con\u00e8ixer m\u00e9s, a Openmet Group redactem articles propis per ajudar-te a fer cr\u00e9ixer el teu negoci <\/p>\n\n\n\n<div class=\"wp-block-buttons is-layout-flex wp-block-buttons-is-layout-flex\">\n<div class=\"wp-block-button has-custom-font-size chevron-right has-small-font-size\"><a class=\"wp-block-button__link has-white-color has-text-color has-background wp-element-button\" href=\"\/ca\/blog\" style=\"background-color:#0d99cc\">veure-ho tot<\/a><\/div>\n<\/div>\n<\/div><\/div>\n\n\n\n<div class=\"wp-block-getwid-advanced-spacer\" style=\"height:10px\" aria-hidden=\"true\"><\/div>\n\n\n        <div class=\"wp-block-getwid-custom-post-type custom-post-type-post has-layout-grid has-spacing-normal\">\n            <div class=\"wp-block-getwid-custom-post-type__wrapper getwid-columns getwid-columns-3\">\n                \t\t\t\t\t\t\t\t<div class='wp-block-getwid-custom-post-type__post'>\n\t\t\t\t\t\t\t\t\t\n<div class=\"wp-block-group blog-post-grid\"><div class=\"wp-block-group__inner-container is-layout-flow wp-block-group-is-layout-flow\">\n<div class=\"wp-block-getwid-template-post-featured-image aligncenter\" >\n            <a href=\"https:\/\/openmet-xc2.whads.com\/ca\/engagement-laboral-generacional\/\">\n        <img decoding=\"async\" width=\"640\" height=\"441\" src=\"https:\/\/openmet-xc2.whads.com\/wp-content\/uploads\/2026\/02\/Openmet_Entrada_Generacional-768x529.png\" class=\"attachment-medium_large size-medium_large wp-post-image\" alt=\"Engagement laboral generacional: com connectar amb la generaci\u00f3 Z\" srcset=\"https:\/\/openmet-xc2.whads.com\/wp-content\/uploads\/2026\/02\/Openmet_Entrada_Generacional-768x529.png 768w, https:\/\/openmet-xc2.whads.com\/wp-content\/uploads\/2026\/02\/Openmet_Entrada_Generacional-300x207.png 300w, https:\/\/openmet-xc2.whads.com\/wp-content\/uploads\/2026\/02\/Openmet_Entrada_Generacional-1024x706.png 1024w, https:\/\/openmet-xc2.whads.com\/wp-content\/uploads\/2026\/02\/Openmet_Entrada_Generacional-1536x1059.png 1536w, https:\/\/openmet-xc2.whads.com\/wp-content\/uploads\/2026\/02\/Openmet_Entrada_Generacional.png 1851w\" sizes=\"(max-width: 640px) 100vw, 640px\" \/>            <\/a>\n    <\/div>\n\n\n\n<h3 class=\"wp-block-getwid-template-post-title h4\"><a class=\"wp-block-getwid-template-post-title__link\" href=\"https:\/\/openmet-xc2.whads.com\/ca\/engagement-laboral-generacional\/\">Engagement laboral generacional: com connectar amb la generaci\u00f3 Z<\/a><\/h3>\n\n\n<div class=\"wp-block-getwid-template-post-meta has-direction-row\" >\n    \n\n<div class=\"wp-block-getwid-template-post-categories has-text-color\"  style=\"color:#999999;\" >\n        <a href=\"https:\/\/openmet-xc2.whads.com\/ca\/category\/clima-laboral\/\" rel=\"category tag\">Clima Laboral<\/a> <a href=\"https:\/\/openmet-xc2.whads.com\/ca\/category\/employee-engagement-ca\/\" rel=\"category tag\">Employee engagement<\/a> <a href=\"https:\/\/openmet-xc2.whads.com\/ca\/category\/openmet-peoplecat\/\" rel=\"category tag\">Openmet People<\/a><\/div>\n<\/div>\n\n\n\n<div class=\"wp-block-getwid-template-post-content is-excerpt\" ><p>En l\u2019entorn professional actual, marcat per la conviv\u00e8ncia de quatre generacions actives dins d\u2019una mateixa organitzaci\u00f3, l\u2019engagement laboral generacional s\u2019ha convertit en un factor estrat\u00e8gic. Ja no n\u2019hi ha prou&hellip;<\/p><\/div>\n\n\n\n<p><\/p>\n<\/div><\/div>\n\t\t\t\t\t\t\t\t<\/div>\n\t\t\t\t\t\t\t\t\t\t\t\t\t\t\t<div class='wp-block-getwid-custom-post-type__post'>\n\t\t\t\t\t\t\t\t\t\n<div class=\"wp-block-group blog-post-grid\"><div class=\"wp-block-group__inner-container is-layout-flow wp-block-group-is-layout-flow\">\n<div class=\"wp-block-getwid-template-post-featured-image aligncenter\" >\n            <a href=\"https:\/\/openmet-xc2.whads.com\/ca\/people-analytics-engagement-rrhh\/\">\n        <img decoding=\"async\" width=\"640\" height=\"427\" src=\"https:\/\/openmet-xc2.whads.com\/wp-content\/uploads\/2026\/02\/Openmet_PeopleAnalytics-768x512.png\" class=\"attachment-medium_large size-medium_large wp-post-image\" alt=\"People Analytics o consultoria tradicional: com millorar l\u2019engagement i l\u2019experi\u00e8ncia de l\u2019empleat amb impacte real\" srcset=\"https:\/\/openmet-xc2.whads.com\/wp-content\/uploads\/2026\/02\/Openmet_PeopleAnalytics-768x512.png 768w, https:\/\/openmet-xc2.whads.com\/wp-content\/uploads\/2026\/02\/Openmet_PeopleAnalytics-300x200.png 300w, https:\/\/openmet-xc2.whads.com\/wp-content\/uploads\/2026\/02\/Openmet_PeopleAnalytics-1024x683.png 1024w, https:\/\/openmet-xc2.whads.com\/wp-content\/uploads\/2026\/02\/Openmet_PeopleAnalytics-1536x1024.png 1536w, https:\/\/openmet-xc2.whads.com\/wp-content\/uploads\/2026\/02\/Openmet_PeopleAnalytics-2048x1365.png 2048w\" sizes=\"(max-width: 640px) 100vw, 640px\" \/>            <\/a>\n    <\/div>\n\n\n\n<h3 class=\"wp-block-getwid-template-post-title h4\"><a class=\"wp-block-getwid-template-post-title__link\" href=\"https:\/\/openmet-xc2.whads.com\/ca\/people-analytics-engagement-rrhh\/\">People Analytics o consultoria tradicional: com millorar l\u2019engagement i l\u2019experi\u00e8ncia de l\u2019empleat amb impacte real<\/a><\/h3>\n\n\n<div class=\"wp-block-getwid-template-post-meta has-direction-row\" >\n    \n\n<div class=\"wp-block-getwid-template-post-categories has-text-color\"  style=\"color:#999999;\" >\n        <a href=\"https:\/\/openmet-xc2.whads.com\/ca\/category\/clima-laboral\/\" rel=\"category tag\">Clima Laboral<\/a> <a href=\"https:\/\/openmet-xc2.whads.com\/ca\/category\/employee-engagement-ca\/\" rel=\"category tag\">Employee engagement<\/a> <a href=\"https:\/\/openmet-xc2.whads.com\/ca\/category\/openmet-peoplecat\/\" rel=\"category tag\">Openmet People<\/a><\/div>\n<\/div>\n\n\n\n<div class=\"wp-block-getwid-template-post-content is-excerpt\" ><p>En els darrers anys, conceptes com People Analytics, employee engagement o experi\u00e8ncia de l\u2019empleat (Employee Experience) han passat de ser tend\u00e8ncies a convertir-se en elements clau de l\u2019estrat\u00e8gia de RRHH.&hellip;<\/p><\/div>\n\n\n\n<p><\/p>\n<\/div><\/div>\n\t\t\t\t\t\t\t\t<\/div>\n\t\t\t\t\t\t\t\t\t\t\t\t\t\t\t<div class='wp-block-getwid-custom-post-type__post'>\n\t\t\t\t\t\t\t\t\t\n<div class=\"wp-block-group blog-post-grid\"><div class=\"wp-block-group__inner-container is-layout-flow wp-block-group-is-layout-flow\">\n<div class=\"wp-block-getwid-template-post-featured-image aligncenter\" >\n            <a href=\"https:\/\/openmet-xc2.whads.com\/ca\/dei-2026-estrategia-basada-en-dades\/\">\n        <img decoding=\"async\" width=\"640\" height=\"269\" src=\"https:\/\/openmet-xc2.whads.com\/wp-content\/uploads\/2026\/01\/Openmet_DEI_2026-768x323.png\" class=\"attachment-medium_large size-medium_large wp-post-image\" alt=\"DEI el 2026: de la bona intenci\u00f3 a una estrat\u00e8gia empresarial efectiva\" srcset=\"https:\/\/openmet-xc2.whads.com\/wp-content\/uploads\/2026\/01\/Openmet_DEI_2026-768x323.png 768w, https:\/\/openmet-xc2.whads.com\/wp-content\/uploads\/2026\/01\/Openmet_DEI_2026-300x126.png 300w, https:\/\/openmet-xc2.whads.com\/wp-content\/uploads\/2026\/01\/Openmet_DEI_2026-1024x431.png 1024w, https:\/\/openmet-xc2.whads.com\/wp-content\/uploads\/2026\/01\/Openmet_DEI_2026-1536x647.png 1536w, https:\/\/openmet-xc2.whads.com\/wp-content\/uploads\/2026\/01\/Openmet_DEI_2026-2048x862.png 2048w\" sizes=\"(max-width: 640px) 100vw, 640px\" \/>            <\/a>\n    <\/div>\n\n\n\n<h3 class=\"wp-block-getwid-template-post-title h4\"><a class=\"wp-block-getwid-template-post-title__link\" href=\"https:\/\/openmet-xc2.whads.com\/ca\/dei-2026-estrategia-basada-en-dades\/\">DEI el 2026: de la bona intenci\u00f3 a una estrat\u00e8gia empresarial efectiva<\/a><\/h3>\n\n\n<div class=\"wp-block-getwid-template-post-meta has-direction-row\" >\n    \n\n<div class=\"wp-block-getwid-template-post-categories has-text-color\"  style=\"color:#999999;\" >\n        <a href=\"https:\/\/openmet-xc2.whads.com\/ca\/category\/clima-laboral\/\" rel=\"category tag\">Clima Laboral<\/a> <a href=\"https:\/\/openmet-xc2.whads.com\/ca\/category\/employee-engagement-ca\/\" rel=\"category tag\">Employee engagement<\/a> <a href=\"https:\/\/openmet-xc2.whads.com\/ca\/category\/employee-engagement-ca\/\" rel=\"category tag\">Employee engagement<\/a> <a href=\"https:\/\/openmet-xc2.whads.com\/ca\/category\/openmet-peoplecat\/\" rel=\"category tag\">Openmet People<\/a> <a href=\"https:\/\/openmet-xc2.whads.com\/ca\/category\/openmet-peoplecat\/\" rel=\"category tag\">Openmet People<\/a><\/div>\n<\/div>\n\n\n\n<div class=\"wp-block-getwid-template-post-content is-excerpt\" ><p>En el context actual, parlar de Diversitat, Equitat i Inclusi\u00f3 (DEI) ha deixat de ser un exercici de reputaci\u00f3 o una etiqueta bonica en presentacions. De cara al 2026, la&hellip;<\/p><\/div>\n\n\n\n<p><\/p>\n<\/div><\/div>\n\t\t\t\t\t\t\t\t<\/div>\n\t\t\t\t\t\t\t            <\/div>\n\n                    <\/div>\n        \n\n\n<div class=\"wp-block-getwid-advanced-spacer\" style=\"height:10px\" aria-hidden=\"true\"><\/div>\n\n\n\n<div class=\"wp-block-getwid-section alignfull alignfull getwid-margin-bottom-none getwid-section-content-full-width\" style=\"margin-top:80px\"><div class=\"wp-block-getwid-section__wrapper getwid-padding-top-none getwid-padding-bottom-none getwid-padding-left-none getwid-padding-right-none getwid-margin-left-none getwid-margin-right-none\"><div class=\"wp-block-getwid-section__inner-wrapper\"><div class=\"wp-block-getwid-section__background-holder\"><div class=\"wp-block-getwid-section__background has-background\" style=\"background-color:#f5f8fc\"><\/div><div class=\"wp-block-getwid-section__foreground\"><\/div><\/div><div class=\"wp-block-getwid-section__content\"><div class=\"wp-block-getwid-section__inner-content\">\n<div class=\"wp-block-getwid-section openmet-cta animated fadeInUp getwid-margin-top-none getwid-margin-bottom-none\"><div class=\"wp-block-getwid-section__wrapper getwid-padding-mobile-left-small getwid-padding-mobile-right-small getwid-margin-left-none getwid-margin-right-none\" style=\"padding-top:40px;padding-bottom:80px;padding-left:15%;padding-right:15%\"><div class=\"wp-block-getwid-section__inner-wrapper\"><div class=\"wp-block-getwid-section__background-holder\"><div class=\"wp-block-getwid-section__background\"><\/div><div class=\"wp-block-getwid-section__foreground\"><\/div><\/div><div class=\"wp-block-getwid-section__content\"><div class=\"wp-block-getwid-section__inner-content\"><div class=\"wp-block-image\">\n<figure class=\"aligncenter size-full is-resized\"><img decoding=\"async\" src=\"https:\/\/openmet-xc2.whads.com\/wp-content\/uploads\/2021\/09\/smile.png\" alt=\"\" class=\"wp-image-13585\" style=\"width:48px;height:48px\" width=\"48\" height=\"48\"><\/figure>\n<\/div>\n\n\n<p class=\"has-text-align-center h3\" style=\"font-size:30px\">Com podem ajudar-te?<\/p>\n\n\n\n<div class=\"wp-block-getwid-advanced-spacer\" style=\"height:20px\" aria-hidden=\"true\"><\/div>\n\n\n\n<p class=\"has-text-align-center\">Des d\u2019Openmet People t\u2019<strong>ajudem a gestionar i diagnosticar<\/strong> gran part de la informaci\u00f3 clau per al bon funcionament del capital hum\u00e0 de la companyia. <br>T\u2019<strong>ajudem a maximitzar l\u2019\u00e8xit en els teus projectes<\/strong> gr\u00e0cies a la combinaci\u00f3 de la nostra experi\u00e8ncia, know-how i software.<\/p>\n\n\n\n<div class=\"wp-block-getwid-advanced-spacer\" style=\"height:20px\" aria-hidden=\"true\"><\/div>\n\n\n\n<div class=\"wp-block-columns is-layout-flex wp-container-core-columns-is-layout-9d6595d7 wp-block-columns-is-layout-flex\">\n<div class=\"wp-block-column is-vertically-aligned-center is-layout-flow wp-block-column-is-layout-flow\">\n<p class=\"has-text-align-right has-text-color has-medium-font-size\" style=\"color:#0d99cc\"><strong>Per qu\u00e8 no comencem?<\/strong><\/p>\n<\/div>\n\n\n\n<div class=\"wp-block-column is-vertically-aligned-center alignleft is-layout-flow wp-block-column-is-layout-flow\">\n<div class=\"wp-block-buttons is-layout-flex wp-block-buttons-is-layout-flex\">\n<div class=\"wp-block-button has-custom-font-size chevron-right is-style-fill has-small-font-size\"><a class=\"wp-block-button__link has-white-color has-text-color has-background wp-element-button\" href=\"\/ca\/contacta\/\" style=\"background-color:#0d99cc\"><strong>contacta amb Openmet Group<\/strong><\/a><\/div>\n<\/div>\n<\/div>\n<\/div>\n<\/div><\/div><\/div><\/div><\/div>\n<\/div><\/div><\/div><\/div><\/div>\n","protected":false},"excerpt":{"rendered":"<p>T&#8217;ajudem a avaluar i aconseguir una organitzaci\u00f3 m\u00e9s resilient, que s\u00e0piga desembolicar-se i prosperar de manera saludable i sostenible en el nostre m\u00f3n incert, complex, accelerat i disruptiu.<br \/>\n&#8230;<\/p>\n<p><a class=\"openmet-read-more-link\" href=\"https:\/\/openmet-xc2.whads.com\/ca\/openmet-people\/resiliencia-organitzativa\/\">Llegir m\u00e9s<\/a><\/p>\n","protected":false},"author":5,"featured_media":14701,"parent":14530,"menu_order":56,"comment_status":"closed","ping_status":"closed","template":"","meta":{"inline_featured_image":false,"ub_ctt_via":"","footnotes":""},"class_list":["post-14798","page","type-page","status-publish","has-post-thumbnail","hentry"],"featured_image_src":"https:\/\/openmet-xc2.whads.com\/wp-content\/uploads\/2021\/10\/resiliencia-1.svg","_links":{"self":[{"href":"https:\/\/openmet-xc2.whads.com\/ca\/wp-json\/wp\/v2\/pages\/14798","targetHints":{"allow":["GET"]}}],"collection":[{"href":"https:\/\/openmet-xc2.whads.com\/ca\/wp-json\/wp\/v2\/pages"}],"about":[{"href":"https:\/\/openmet-xc2.whads.com\/ca\/wp-json\/wp\/v2\/types\/page"}],"author":[{"embeddable":true,"href":"https:\/\/openmet-xc2.whads.com\/ca\/wp-json\/wp\/v2\/users\/5"}],"replies":[{"embeddable":true,"href":"https:\/\/openmet-xc2.whads.com\/ca\/wp-json\/wp\/v2\/comments?post=14798"}],"version-history":[{"count":9,"href":"https:\/\/openmet-xc2.whads.com\/ca\/wp-json\/wp\/v2\/pages\/14798\/revisions"}],"predecessor-version":[{"id":17469,"href":"https:\/\/openmet-xc2.whads.com\/ca\/wp-json\/wp\/v2\/pages\/14798\/revisions\/17469"}],"up":[{"embeddable":true,"href":"https:\/\/openmet-xc2.whads.com\/ca\/wp-json\/wp\/v2\/pages\/14530"}],"wp:featuredmedia":[{"embeddable":true,"href":"https:\/\/openmet-xc2.whads.com\/ca\/wp-json\/wp\/v2\/media\/14701"}],"wp:attachment":[{"href":"https:\/\/openmet-xc2.whads.com\/ca\/wp-json\/wp\/v2\/media?parent=14798"}],"curies":[{"name":"wp","href":"https:\/\/api.w.org\/{rel}","templated":true}]}}